{"id":2090,"date":"2024-09-24T08:37:51","date_gmt":"2024-09-24T06:37:51","guid":{"rendered":"https:\/\/cms-webdesign.ch\/auctor\/?page_id=2090"},"modified":"2024-10-25T09:19:14","modified_gmt":"2024-10-25T07:19:14","slug":"consulenza-in-materia-di-iva","status":"publish","type":"page","link":"https:\/\/auctor.ch\/it\/consulenza-in-materia-di-iva\/","title":{"rendered":"Consulenza in materia di IVA"},"content":{"rendered":"<div data-elementor-type=\"wp-page\" data-elementor-id=\"2090\" class=\"elementor elementor-2090\" data-elementor-post-type=\"page\">\n\t\t\t\t<div data-particle_enable=\"false\" data-particle-mobile-disabled=\"false\" class=\"elementor-element elementor-element-3e5c029 e-flex e-con-boxed e-con e-parent\" data-id=\"3e5c029\" data-element_type=\"container\" id=\"home\" data-settings=\"{&quot;background_background&quot;:&quot;classic&quot;}\">\n\t\t\t\t\t<div class=\"e-con-inner\">\n\t\t\t\t<div class=\"elementor-element elementor-element-faade83 elementor-widget__width-initial animated-slow elementor-invisible elementor-widget elementor-widget-heading\" data-id=\"faade83\" data-element_type=\"widget\" data-settings=\"{&quot;_animation&quot;:&quot;fadeInDown&quot;}\" data-widget_type=\"heading.default\">\n\t\t\t\t\t\t<div class=\"elementor-widget-container\">\n\t\t\t\t\t<h1 class=\"elementor-heading-title elementor-size-default\">Consulenza in materia di IVA<\/h1>\t\t\t\t<\/div>\n\t\t\t\t<\/div>\n\t\t\t\t\t<\/div>\n\t\t\t\t<\/div>\n\t\t<div data-particle_enable=\"false\" data-particle-mobile-disabled=\"false\" class=\"elementor-element elementor-element-01840ff e-flex e-con-boxed e-con e-parent\" data-id=\"01840ff\" data-element_type=\"container\">\n\t\t\t\t\t<div class=\"e-con-inner\">\n\t\t<div data-particle_enable=\"false\" data-particle-mobile-disabled=\"false\" class=\"elementor-element elementor-element-0a96955 e-con-full elementor-hidden-tablet elementor-hidden-mobile e-flex e-con e-child\" data-id=\"0a96955\" data-element_type=\"container\">\n\t\t\t\t<div class=\"elementor-element elementor-element-769eb9d eael-hamburger--none eael_simple_menu_hamburger_disable_selected_menu_no eael-simple-menu-hamburger-align-right elementor-widget elementor-widget-eael-simple-menu\" data-id=\"769eb9d\" data-element_type=\"widget\" data-widget_type=\"eael-simple-menu.default\">\n\t\t\t\t\t\t<div class=\"elementor-widget-container\">\n\t\t\t\t\t            <div data-hamburger-icon=\"&lt;svg aria-hidden=&quot;true&quot; class=&quot;e-font-icon-svg e-fas-bars&quot; viewBox=&quot;0 0 448 512&quot; xmlns=&quot;http:\/\/www.w3.org\/2000\/svg&quot;&gt;&lt;path d=&quot;M16 132h416c8.837 0 16-7.163 16-16V76c0-8.837-7.163-16-16-16H16C7.163 60 0 67.163 0 76v40c0 8.837 7.163 16 16 16zm0 160h416c8.837 0 16-7.163 16-16v-40c0-8.837-7.163-16-16-16H16c-8.837 0-16 7.163-16 16v40c0 8.837 7.163 16 16 16zm0 160h416c8.837 0 16-7.163 16-16v-40c0-8.837-7.163-16-16-16H16c-8.837 0-16 7.163-16 16v40c0 8.837 7.163 16 16 16z&quot;&gt;&lt;\/path&gt;&lt;\/svg&gt;\" data-indicator-icon=\"&lt;svg aria-hidden=&quot;true&quot; class=&quot;e-font-icon-svg e-fas-angle-down&quot; viewBox=&quot;0 0 320 512&quot; xmlns=&quot;http:\/\/www.w3.org\/2000\/svg&quot;&gt;&lt;path d=&quot;M143 352.3L7 216.3c-9.4-9.4-9.4-24.6 0-33.9l22.6-22.6c9.4-9.4 24.6-9.4 33.9 0l96.4 96.4 96.4-96.4c9.4-9.4 24.6-9.4 33.9 0l22.6 22.6c9.4 9.4 9.4 24.6 0 33.9l-136 136c-9.2 9.4-24.4 9.4-33.8 0z&quot;&gt;&lt;\/path&gt;&lt;\/svg&gt;\" data-dropdown-indicator-icon=\"&lt;svg class=&quot;e-font-icon-svg e-fas-angle-down&quot; viewBox=&quot;0 0 320 512&quot; xmlns=&quot;http:\/\/www.w3.org\/2000\/svg&quot;&gt;&lt;path d=&quot;M143 352.3L7 216.3c-9.4-9.4-9.4-24.6 0-33.9l22.6-22.6c9.4-9.4 24.6-9.4 33.9 0l96.4 96.4 96.4-96.4c9.4-9.4 24.6-9.4 33.9 0l22.6 22.6c9.4 9.4 9.4 24.6 0 33.9l-136 136c-9.2 9.4-24.4 9.4-33.8 0z&quot;&gt;&lt;\/path&gt;&lt;\/svg&gt;\" class=\"eael-simple-menu-container eael-simple-menu-align-left eael-simple-menu-dropdown-align-left preset-1\" data-hamburger-breakpoints=\"{&quot;mobile&quot;:&quot;Mobile Portrait (&gt; 767px)&quot;,&quot;tablet&quot;:&quot;Tablet Portrait (&gt; 1024px)&quot;,&quot;desktop&quot;:&quot;Desktop (&gt; 2400px)&quot;,&quot;none&quot;:&quot;None&quot;}\" data-hamburger-device=\"none\">\n                <ul id=\"menu-vertical-menu\" class=\"eael-simple-menu eael-simple-menu-dropdown-animate-to-top eael-simple-menu-indicator eael-simple-menu-vertical\"><li id=\"menu-item-2111\" class=\"menu-item menu-item-type-post_type menu-item-object-page menu-item-2111\"><a href=\"https:\/\/auctor.ch\/it\/finanza-e-contabilita\/\" class=\"menu-link\">Finanza e contabilit\u00e0<\/a><\/li>\n<li id=\"menu-item-2112\" class=\"menu-item menu-item-type-post_type menu-item-object-page menu-item-2112\"><a href=\"https:\/\/auctor.ch\/it\/consulenza-gestionale\/\" class=\"menu-link\">Consulenza aziendale<\/a><\/li>\n<li id=\"menu-item-2123\" class=\"menu-item menu-item-type-post_type menu-item-object-page menu-item-2123\"><a href=\"https:\/\/auctor.ch\/it\/audit-audit-audit\/\" class=\"menu-link\">Revisione dei conti<\/a><\/li>\n<li id=\"menu-item-2124\" class=\"menu-item menu-item-type-post_type menu-item-object-page menu-item-2124\"><a href=\"https:\/\/auctor.ch\/it\/mandati-fiduciari-e-domicili\/\" class=\"menu-link\">Amministrazione fiduciaria e domiciliazioni<\/a><\/li>\n<li id=\"menu-item-2125\" class=\"menu-item menu-item-type-post_type menu-item-object-page menu-item-2125\"><a href=\"https:\/\/auctor.ch\/it\/consulenza-sui-benefici-per-i-dipendenti\/\" class=\"menu-link\">Consulenza in materia di previdenza professionale<\/a><\/li>\n<li id=\"menu-item-2126\" class=\"menu-item menu-item-type-post_type menu-item-object-page menu-item-2126\"><a href=\"https:\/\/auctor.ch\/it\/consulenza-fiscale\/\" class=\"menu-link\">Consulenza fiscale a Svitto e Wollerau<\/a><\/li>\n<li id=\"menu-item-2127\" class=\"menu-item menu-item-type-post_type menu-item-object-page menu-item-2127\"><a href=\"https:\/\/auctor.ch\/it\/consulenza-in-materia-di-iva\/\" class=\"menu-link\">Consulenza in materia di IVA<\/a><\/li>\n<li id=\"menu-item-2128\" class=\"menu-item menu-item-type-post_type menu-item-object-page menu-item-2128\"><a href=\"https:\/\/auctor.ch\/it\/consulenza-legale\/\" class=\"menu-link\">Consulenza legale<\/a><\/li>\n<li id=\"menu-item-2129\" class=\"menu-item menu-item-type-post_type menu-item-object-page menu-item-2129\"><a href=\"https:\/\/auctor.ch\/it\/notarizzazione\/\" class=\"menu-link\">Azienda Formazione \/ Certificazioni<\/a><\/li>\n<\/ul>                <button class=\"eael-simple-menu-toggle\">\n                    <span class=\"sr-only\">Hamburger Toggle Menu<\/span>\n                    <svg aria-hidden=\"true\" class=\"e-font-icon-svg e-fas-bars\" viewbox=\"0 0 448 512\" xmlns=\"http:\/\/www.w3.org\/2000\/svg\"><path d=\"M16 132h416c8.837 0 16-7.163 16-16V76c0-8.837-7.163-16-16-16H16C7.163 60 0 67.163 0 76v40c0 8.837 7.163 16 16 16zm0 160h416c8.837 0 16-7.163 16-16v-40c0-8.837-7.163-16-16-16H16c-8.837 0-16 7.163-16 16v40c0 8.837 7.163 16 16 16zm0 160h416c8.837 0 16-7.163 16-16v-40c0-8.837-7.163-16-16-16H16c-8.837 0-16 7.163-16 16v40c0 8.837 7.163 16 16 16z\"><\/path><\/svg>                <\/button>\n            <\/div>\n            \t\t\t\t<\/div>\n\t\t\t\t<\/div>\n\t\t\t\t<\/div>\n\t\t<div data-particle_enable=\"false\" data-particle-mobile-disabled=\"false\" class=\"elementor-element elementor-element-b00df25 e-con-full e-flex e-con e-child\" data-id=\"b00df25\" data-element_type=\"container\">\n\t\t\t\t<div class=\"elementor-element elementor-element-d101b6c elementor-widget-divider--view-line elementor-widget elementor-widget-divider\" data-id=\"d101b6c\" data-element_type=\"widget\" data-widget_type=\"divider.default\">\n\t\t\t\t\t\t<div class=\"elementor-widget-container\">\n\t\t\t\t\t\t\t<div class=\"elementor-divider\">\n\t\t\t<span class=\"elementor-divider-separator\">\n\t\t\t\t\t\t<\/span>\n\t\t<\/div>\n\t\t\t\t\t\t<\/div>\n\t\t\t\t<\/div>\n\t\t\t\t<div class=\"elementor-element elementor-element-825871c elementor-widget elementor-widget-heading\" data-id=\"825871c\" data-element_type=\"widget\" data-widget_type=\"heading.default\">\n\t\t\t\t\t\t<div class=\"elementor-widget-container\">\n\t\t\t\t\t<h1 class=\"elementor-heading-title elementor-size-default\">Consulenza in materia di IVA<\/h1>\t\t\t\t<\/div>\n\t\t\t\t<\/div>\n\t\t\t\t<div class=\"elementor-element elementor-element-426f542 elementor-widget-divider--view-line elementor-widget elementor-widget-divider\" data-id=\"426f542\" data-element_type=\"widget\" data-widget_type=\"divider.default\">\n\t\t\t\t\t\t<div class=\"elementor-widget-container\">\n\t\t\t\t\t\t\t<div class=\"elementor-divider\">\n\t\t\t<span class=\"elementor-divider-separator\">\n\t\t\t\t\t\t<\/span>\n\t\t<\/div>\n\t\t\t\t\t\t<\/div>\n\t\t\t\t<\/div>\n\t\t\t\t<div class=\"elementor-element elementor-element-2a48ebd elementor-widget elementor-widget-heading\" data-id=\"2a48ebd\" data-element_type=\"widget\" data-widget_type=\"heading.default\">\n\t\t\t\t\t\t<div class=\"elementor-widget-container\">\n\t\t\t\t\t<p class=\"elementor-heading-title elementor-size-default\">Per aziende e istituzioni internazionali e svizzere:<\/p>\t\t\t\t<\/div>\n\t\t\t\t<\/div>\n\t\t\t\t<div class=\"elementor-element elementor-element-936db9f elementor-widget elementor-widget-text-editor\" data-id=\"936db9f\" data-element_type=\"widget\" data-widget_type=\"text-editor.default\">\n\t\t\t\t\t\t<div class=\"elementor-widget-container\">\n\t\t\t\t\t\t\t\t\t<ul><li>Consulenza in materia di IVA a 360\u00b0<\/li><li>Preparazione ed assistenza durante l'audit dell'IVA da parte dell'amministrazione fiscale federale svizzera<\/li><li>Simulazioni di audit dell'IVA<\/li><li>Decisioni preliminari vincolanti sull'IVA effettiva presso l'amministrazione fiscale federale svizzera su questioni specifiche (tax ruling)<\/li><li>Allestimento di computi IVA periodici, compr. la domanda di rimborso per l'imposta versata in via anticipata<\/li><li>Consulenza in merito al tipo e al sistema di tassazione<\/li><li>Recupero dell'IVA nazionale e straniera<\/li><li>Rappresentanza di fronte ad autorit\u00e0 fiscali e giudiziarie<\/li><\/ul>\t\t\t\t\t\t\t\t<\/div>\n\t\t\t\t<\/div>\n\t\t\t\t<\/div>\n\t\t\t\t\t<\/div>\n\t\t\t\t<\/div>\n\t\t\t\t<\/div>","protected":false},"excerpt":{"rendered":"<p>Finanz- und Rechnungswesen Unternehmensberatung Wirtschaftspr\u00fcfung \/ Revisionen Treuhandmandate und Domizile Personalvorsorgeberatung Steuerberatung Mehrwertsteuerberatung Rechtsberatung Firmengr\u00fcndung \u2013 Beurkundung Humberger Toggle Menu f\u00fcr internationale und schweizerische Unternehmen und Institutionen: Umfassende Mehrwertsteuerberatung Vorbereitung, Begleitung bei MWST-Pr\u00fcfungen durch Eidgen\u00f6ssische Steuerverwaltung Mehrwertsteuer Fiskalvertretung f\u00fcr ausl\u00e4ndische Unternehmen MWST-Vorabkl\u00e4rungen bei Eidg. Steuerverwaltung f\u00fcr Spezialfragen (Rulings) Erstellen periodischer Mehrwertsteuerabrechnungen, inkl. Vorsteuerr\u00fcckforderungen Beratung bez\u00fcglich [&hellip;]<\/p>","protected":false},"author":1,"featured_media":0,"parent":0,"menu_order":0,"comment_status":"closed","ping_status":"closed","template":"","meta":{"site-sidebar-layout":"no-sidebar","site-content-layout":"page-builder","ast-site-content-layout":"full-width-container","site-content-style":"unboxed","site-sidebar-style":"unboxed","ast-global-header-display":"","ast-banner-title-visibility":"","ast-main-header-display":"","ast-hfb-above-header-display":"","ast-hfb-below-header-display":"","ast-hfb-mobile-header-display":"","site-post-title":"disabled","ast-breadcrumbs-content":"disabled","ast-featured-img":"disabled","footer-sml-layout":"","theme-transparent-header-meta":"default","adv-header-id-meta":"","stick-header-meta":"","header-above-stick-meta":"","header-main-stick-meta":"","header-below-stick-meta":"","astra-migrate-meta-layouts":"set","ast-page-background-enabled":"default","ast-page-background-meta":{"desktop":{"background-color":"","background-image":"","background-repeat":"repeat","background-position":"center center","background-size":"auto","background-attachment":"scroll","background-type":"","background-media":"","overlay-type":"","overlay-color":"","overlay-opacity":"","overlay-gradient":""},"tablet":{"background-color":"","background-image":"","background-repeat":"repeat","background-position":"center center","background-size":"auto","background-attachment":"scroll","background-type":"","background-media":"","overlay-type":"","overlay-color":"","overlay-opacity":"","overlay-gradient":""},"mobile":{"background-color":"","background-image":"","background-repeat":"repeat","background-position":"center center","background-size":"auto","background-attachment":"scroll","background-type":"","background-media":"","overlay-type":"","overlay-color":"","overlay-opacity":"","overlay-gradient":""}},"ast-content-background-meta":{"desktop":{"background-color":"var(--ast-global-color-5)","background-image":"","background-repeat":"repeat","background-position":"center center","background-size":"auto","background-attachment":"scroll","background-type":"","background-media":"","overlay-type":"","overlay-color":"","overlay-opacity":"","overlay-gradient":""},"tablet":{"background-color":"var(--ast-global-color-5)","background-image":"","background-repeat":"repeat","background-position":"center center","background-size":"auto","background-attachment":"scroll","background-type":"","background-media":"","overlay-type":"","overlay-color":"","overlay-opacity":"","overlay-gradient":""},"mobile":{"background-color":"var(--ast-global-color-5)","background-image":"","background-repeat":"repeat","background-position":"center center","background-size":"auto","background-attachment":"scroll","background-type":"","background-media":"","overlay-type":"","overlay-color":"","overlay-opacity":"","overlay-gradient":""}},"footnotes":""},"class_list":["post-2090","page","type-page","status-publish","hentry"],"yoast_head":"<!-- This site is optimized with the Yoast SEO plugin v25.4 - https:\/\/yoast.com\/wordpress\/plugins\/seo\/ -->\n<title>Mehrwertsteuerberatung - Auctor Schwyz AG<\/title>\n<meta name=\"description\" content=\"DIE AUCTOR SCHWYZ AG f\u00fchrt Mehrwertsteuerberatungen, \u00fcbernimmt Vertretungen und erstellt Mehrwertsteuerabrechnungen inkl. s\u00e4mtlicher R\u00fcckforderungen. Gerne begleiten wir Sie auch bei der Beantragung von EU-Umsatzsteueridentifikationsnummern wie auch EORI-Nummern.\" \/>\n<meta name=\"robots\" content=\"index, follow, max-snippet:-1, max-image-preview:large, max-video-preview:-1\" \/>\n<link rel=\"canonical\" href=\"https:\/\/auctor.ch\/it\/consulenza-in-materia-di-iva\/\" \/>\n<meta property=\"og:locale\" content=\"it_IT\" \/>\n<meta property=\"og:type\" content=\"article\" \/>\n<meta property=\"og:title\" content=\"Mehrwertsteuerberatung - Auctor Schwyz AG\" \/>\n<meta property=\"og:description\" content=\"DIE AUCTOR SCHWYZ AG f\u00fchrt Mehrwertsteuerberatungen, \u00fcbernimmt Vertretungen und erstellt Mehrwertsteuerabrechnungen inkl. s\u00e4mtlicher R\u00fcckforderungen. Gerne begleiten wir Sie auch bei der Beantragung von EU-Umsatzsteueridentifikationsnummern wie auch EORI-Nummern.\" \/>\n<meta property=\"og:url\" content=\"https:\/\/auctor.ch\/it\/consulenza-in-materia-di-iva\/\" \/>\n<meta property=\"og:site_name\" content=\"Auctor Schwyz AG\" \/>\n<meta property=\"article:modified_time\" content=\"2024-10-25T07:19:14+00:00\" \/>\n<meta name=\"twitter:card\" content=\"summary_large_image\" \/>\n<meta name=\"twitter:label1\" content=\"Est. reading time\" \/>\n\t<meta name=\"twitter:data1\" content=\"1 minute\" \/>\n<script type=\"application\/ld+json\" class=\"yoast-schema-graph\">{\"@context\":\"https:\/\/schema.org\",\"@graph\":[{\"@type\":\"WebPage\",\"@id\":\"https:\/\/auctor.ch\/mehrwertsteuerberatung\/\",\"url\":\"https:\/\/auctor.ch\/mehrwertsteuerberatung\/\",\"name\":\"Mehrwertsteuerberatung - Auctor Schwyz AG\",\"isPartOf\":{\"@id\":\"https:\/\/auctor.ch\/#website\"},\"datePublished\":\"2024-09-24T06:37:51+00:00\",\"dateModified\":\"2024-10-25T07:19:14+00:00\",\"description\":\"DIE AUCTOR SCHWYZ AG f\u00fchrt Mehrwertsteuerberatungen, \u00fcbernimmt Vertretungen und erstellt Mehrwertsteuerabrechnungen inkl. s\u00e4mtlicher R\u00fcckforderungen. Gerne begleiten wir Sie auch bei der Beantragung von EU-Umsatzsteueridentifikationsnummern wie auch EORI-Nummern.\",\"breadcrumb\":{\"@id\":\"https:\/\/auctor.ch\/mehrwertsteuerberatung\/#breadcrumb\"},\"inLanguage\":\"it-IT\",\"potentialAction\":[{\"@type\":\"ReadAction\",\"target\":[\"https:\/\/auctor.ch\/mehrwertsteuerberatung\/\"]}]},{\"@type\":\"BreadcrumbList\",\"@id\":\"https:\/\/auctor.ch\/mehrwertsteuerberatung\/#breadcrumb\",\"itemListElement\":[{\"@type\":\"ListItem\",\"position\":1,\"name\":\"Startseite\",\"item\":\"https:\/\/auctor.ch\/\"},{\"@type\":\"ListItem\",\"position\":2,\"name\":\"Mehrwertsteuerberatung\"}]},{\"@type\":\"WebSite\",\"@id\":\"https:\/\/auctor.ch\/#website\",\"url\":\"https:\/\/auctor.ch\/\",\"name\":\"Auctor Schwyz AG\",\"description\":\"Steuerberatung, Firmengr\u00fcndung, Buchf\u00fchrung in Wollerau und Schwyz\",\"publisher\":{\"@id\":\"https:\/\/auctor.ch\/#organization\"},\"potentialAction\":[{\"@type\":\"SearchAction\",\"target\":{\"@type\":\"EntryPoint\",\"urlTemplate\":\"https:\/\/auctor.ch\/?s={search_term_string}\"},\"query-input\":{\"@type\":\"PropertyValueSpecification\",\"valueRequired\":true,\"valueName\":\"search_term_string\"}}],\"inLanguage\":\"it-IT\"},{\"@type\":\"Organization\",\"@id\":\"https:\/\/auctor.ch\/#organization\",\"name\":\"Auctor Schwyz AG\",\"url\":\"https:\/\/auctor.ch\/\",\"logo\":{\"@type\":\"ImageObject\",\"inLanguage\":\"it-IT\",\"@id\":\"https:\/\/auctor.ch\/#\/schema\/logo\/image\/\",\"url\":\"https:\/\/auctor.ch\/wp-content\/uploads\/2024\/08\/Logo.png\",\"contentUrl\":\"https:\/\/auctor.ch\/wp-content\/uploads\/2024\/08\/Logo.png\",\"width\":198,\"height\":207,\"caption\":\"Auctor Schwyz AG\"},\"image\":{\"@id\":\"https:\/\/auctor.ch\/#\/schema\/logo\/image\/\"}}]}<\/script>\n<!-- \/ Yoast SEO plugin. -->","yoast_head_json":{"title":"Mehrwertsteuerberatung - Auctor Schwyz AG","description":"DIE AUCTOR SCHWYZ AG f\u00fchrt Mehrwertsteuerberatungen, \u00fcbernimmt Vertretungen und erstellt Mehrwertsteuerabrechnungen inkl. s\u00e4mtlicher R\u00fcckforderungen. Gerne begleiten wir Sie auch bei der Beantragung von EU-Umsatzsteueridentifikationsnummern wie auch EORI-Nummern.","robots":{"index":"index","follow":"follow","max-snippet":"max-snippet:-1","max-image-preview":"max-image-preview:large","max-video-preview":"max-video-preview:-1"},"canonical":"https:\/\/auctor.ch\/it\/consulenza-in-materia-di-iva\/","og_locale":"it_IT","og_type":"article","og_title":"Mehrwertsteuerberatung - Auctor Schwyz AG","og_description":"DIE AUCTOR SCHWYZ AG f\u00fchrt Mehrwertsteuerberatungen, \u00fcbernimmt Vertretungen und erstellt Mehrwertsteuerabrechnungen inkl. s\u00e4mtlicher R\u00fcckforderungen. Gerne begleiten wir Sie auch bei der Beantragung von EU-Umsatzsteueridentifikationsnummern wie auch EORI-Nummern.","og_url":"https:\/\/auctor.ch\/it\/consulenza-in-materia-di-iva\/","og_site_name":"Auctor Schwyz AG","article_modified_time":"2024-10-25T07:19:14+00:00","twitter_card":"summary_large_image","twitter_misc":{"Est. reading time":"1 minute"},"schema":{"@context":"https:\/\/schema.org","@graph":[{"@type":"WebPage","@id":"https:\/\/auctor.ch\/mehrwertsteuerberatung\/","url":"https:\/\/auctor.ch\/mehrwertsteuerberatung\/","name":"Mehrwertsteuerberatung - Auctor Schwyz AG","isPartOf":{"@id":"https:\/\/auctor.ch\/#website"},"datePublished":"2024-09-24T06:37:51+00:00","dateModified":"2024-10-25T07:19:14+00:00","description":"DIE AUCTOR SCHWYZ AG f\u00fchrt Mehrwertsteuerberatungen, \u00fcbernimmt Vertretungen und erstellt Mehrwertsteuerabrechnungen inkl. s\u00e4mtlicher R\u00fcckforderungen. Gerne begleiten wir Sie auch bei der Beantragung von EU-Umsatzsteueridentifikationsnummern wie auch EORI-Nummern.","breadcrumb":{"@id":"https:\/\/auctor.ch\/mehrwertsteuerberatung\/#breadcrumb"},"inLanguage":"it-IT","potentialAction":[{"@type":"ReadAction","target":["https:\/\/auctor.ch\/mehrwertsteuerberatung\/"]}]},{"@type":"BreadcrumbList","@id":"https:\/\/auctor.ch\/mehrwertsteuerberatung\/#breadcrumb","itemListElement":[{"@type":"ListItem","position":1,"name":"Startseite","item":"https:\/\/auctor.ch\/"},{"@type":"ListItem","position":2,"name":"Mehrwertsteuerberatung"}]},{"@type":"WebSite","@id":"https:\/\/auctor.ch\/#website","url":"https:\/\/auctor.ch\/","name":"Auctor Schwyz AG","description":"Steuerberatung, Firmengr\u00fcndung, Buchf\u00fchrung in Wollerau und Schwyz","publisher":{"@id":"https:\/\/auctor.ch\/#organization"},"potentialAction":[{"@type":"SearchAction","target":{"@type":"EntryPoint","urlTemplate":"https:\/\/auctor.ch\/?s={search_term_string}"},"query-input":{"@type":"PropertyValueSpecification","valueRequired":true,"valueName":"search_term_string"}}],"inLanguage":"it-IT"},{"@type":"Organization","@id":"https:\/\/auctor.ch\/#organization","name":"Auctor Schwyz AG","url":"https:\/\/auctor.ch\/","logo":{"@type":"ImageObject","inLanguage":"it-IT","@id":"https:\/\/auctor.ch\/#\/schema\/logo\/image\/","url":"https:\/\/auctor.ch\/wp-content\/uploads\/2024\/08\/Logo.png","contentUrl":"https:\/\/auctor.ch\/wp-content\/uploads\/2024\/08\/Logo.png","width":198,"height":207,"caption":"Auctor Schwyz AG"},"image":{"@id":"https:\/\/auctor.ch\/#\/schema\/logo\/image\/"}}]}},"_links":{"self":[{"href":"https:\/\/auctor.ch\/it\/wp-json\/wp\/v2\/pages\/2090","targetHints":{"allow":["GET"]}}],"collection":[{"href":"https:\/\/auctor.ch\/it\/wp-json\/wp\/v2\/pages"}],"about":[{"href":"https:\/\/auctor.ch\/it\/wp-json\/wp\/v2\/types\/page"}],"author":[{"embeddable":true,"href":"https:\/\/auctor.ch\/it\/wp-json\/wp\/v2\/users\/1"}],"replies":[{"embeddable":true,"href":"https:\/\/auctor.ch\/it\/wp-json\/wp\/v2\/comments?post=2090"}],"version-history":[{"count":57,"href":"https:\/\/auctor.ch\/it\/wp-json\/wp\/v2\/pages\/2090\/revisions"}],"predecessor-version":[{"id":2928,"href":"https:\/\/auctor.ch\/it\/wp-json\/wp\/v2\/pages\/2090\/revisions\/2928"}],"wp:attachment":[{"href":"https:\/\/auctor.ch\/it\/wp-json\/wp\/v2\/media?parent=2090"}],"curies":[{"name":"wp","href":"https:\/\/api.w.org\/{rel}","templated":true}]}}