{"id":3729,"date":"2025-07-16T09:11:01","date_gmt":"2025-07-16T07:11:01","guid":{"rendered":"https:\/\/auctor.ch\/?page_id=3729"},"modified":"2026-01-26T13:34:42","modified_gmt":"2026-01-26T12:34:42","slug":"blog","status":"publish","type":"page","link":"https:\/\/auctor.ch\/fr\/blog\/","title":{"rendered":"Blog"},"content":{"rendered":"<div data-elementor-type=\"wp-page\" data-elementor-id=\"3729\" class=\"elementor elementor-3729\" data-elementor-post-type=\"page\">\n\t\t\t\t<div data-particle_enable=\"false\" data-particle-mobile-disabled=\"false\" class=\"elementor-element elementor-element-3e5c029 e-flex e-con-boxed e-con e-parent\" data-id=\"3e5c029\" data-element_type=\"container\" id=\"home\" data-settings=\"{&quot;background_background&quot;:&quot;classic&quot;}\">\n\t\t\t\t\t<div class=\"e-con-inner\">\n\t\t\t\t<div class=\"elementor-element elementor-element-faade83 elementor-widget__width-initial animated-slow elementor-invisible elementor-widget elementor-widget-heading\" data-id=\"faade83\" data-element_type=\"widget\" data-settings=\"{&quot;_animation&quot;:&quot;fadeInDown&quot;}\" data-widget_type=\"heading.default\">\n\t\t\t\t\t\t<div class=\"elementor-widget-container\">\n\t\t\t\t\t<h1 class=\"elementor-heading-title elementor-size-default\">Blog<\/h1>\t\t\t\t<\/div>\n\t\t\t\t<\/div>\n\t\t\t\t\t<\/div>\n\t\t\t\t<\/div>\n\t\t<div data-particle_enable=\"false\" data-particle-mobile-disabled=\"false\" class=\"elementor-element elementor-element-bf179a8 animated-slow e-flex e-con-boxed elementor-invisible e-con e-parent\" data-id=\"bf179a8\" data-element_type=\"container\" data-settings=\"{&quot;animation&quot;:&quot;fadeIn&quot;}\">\n\t\t\t\t\t<div class=\"e-con-inner\">\n\t\t\t\t<div class=\"elementor-element elementor-element-5874020 elementor-grid-3 elementor-grid-tablet-2 elementor-grid-mobile-1 elementor-posts--thumbnail-top elementor-widget elementor-widget-posts\" data-id=\"5874020\" data-element_type=\"widget\" data-settings=\"{&quot;classic_row_gap&quot;:{&quot;unit&quot;:&quot;px&quot;,&quot;size&quot;:60,&quot;sizes&quot;:[]},&quot;classic_columns&quot;:&quot;3&quot;,&quot;classic_columns_tablet&quot;:&quot;2&quot;,&quot;classic_columns_mobile&quot;:&quot;1&quot;,&quot;classic_row_gap_tablet&quot;:{&quot;unit&quot;:&quot;px&quot;,&quot;size&quot;:&quot;&quot;,&quot;sizes&quot;:[]},&quot;classic_row_gap_mobile&quot;:{&quot;unit&quot;:&quot;px&quot;,&quot;size&quot;:&quot;&quot;,&quot;sizes&quot;:[]}}\" data-widget_type=\"posts.classic\">\n\t\t\t\t\t\t<div class=\"elementor-widget-container\">\n\t\t\t\t\t\t\t<div class=\"elementor-posts-container elementor-posts elementor-posts--skin-classic elementor-grid\" role=\"list\">\n\t\t\t\t<article class=\"elementor-post elementor-grid-item post-3837 post type-post status-publish format-standard hentry category-allgemein\" role=\"listitem\">\n\t\t\t\t<div class=\"elementor-post__text\">\n\t\t\t\t<h2 class=\"elementor-post__title\">\n\t\t\t<a href=\"https:\/\/auctor.ch\/fr\/assurances-sociales-et-comptabilite-salariale-pour-les-pme-en-suisse\/\" >\n\t\t\t\tAssurances sociales et comptabilit\u00e9 salariale pour les PME en Suisse\t\t\t<\/a>\n\t\t<\/h2>\n\t\t\t\t<div class=\"elementor-post__excerpt\">\n\t\t\t<p>Assurances sociales et comptabilit\u00e9 salariale pour les PME en Suisse Bases des obligations en mati\u00e8re d'assurances sociales La comptabilit\u00e9 salariale en Suisse est soumise \u00e0 un ensemble complexe d'obligations en mati\u00e8re d'assurances sociales. Les entreprises doivent souscrire et g\u00e9rer diff\u00e9rentes assurances obligatoires dont les cotisations sont r\u00e9parties entre l'employeur et l'employ\u00e9. Les assurances sociales centrales comprennent l'AVS\/AI\/APG (assurance-vieillesse et survivants, assurance-invalidit\u00e9, allocations pour perte de gain), la<\/p>\n\t\t<\/div>\n\t\t\n\t\t<a class=\"elementor-post__read-more\" href=\"https:\/\/auctor.ch\/fr\/assurances-sociales-et-comptabilite-salariale-pour-les-pme-en-suisse\/\" aria-label=\"Read more about Sozialversicherungen und Lohnbuchhaltung f\u00fcr KMU in der Schweiz\" tabindex=\"-1\" >\n\t\t\tLire la suite \u00bb\t\t<\/a>\n\n\t\t\t\t<\/div>\n\t\t\t\t<\/article>\n\t\t\t\t<article class=\"elementor-post elementor-grid-item post-3832 post type-post status-publish format-standard hentry category-allgemein\" role=\"listitem\">\n\t\t\t\t<div class=\"elementor-post__text\">\n\t\t\t\t<h2 class=\"elementor-post__title\">\n\t\t\t<a href=\"https:\/\/auctor.ch\/fr\/impots-dans-le-canton-de-schwyz-guide-pratique-pour-les-particuliers\/\" >\n\t\t\t\tImposition des personnes physiques dans le canton de Schwyz\t\t\t<\/a>\n\t\t<\/h2>\n\t\t\t\t<div class=\"elementor-post__excerpt\">\n\t\t\t<p>Imposition des personnes physiques dans le canton de Schwyz Champ d'application : personnes physiques domicili\u00e9es ou en s\u00e9jour dans le canton de Schwyz au regard du droit fiscal Bases l\u00e9gales : loi fiscale du canton de Schwyz (StG SZ), loi f\u00e9d\u00e9rale sur l'imp\u00f4t f\u00e9d\u00e9ral direct (LIFD) Assujettissement \u00e0 l'imp\u00f4t dans le canton de Schwyz L'assujettissement \u00e0 l'imp\u00f4t dans le canton de Schwyz est r\u00e9gi par les principes du droit fiscal suisse. Le canton per\u00e7oit<\/p>\n\t\t<\/div>\n\t\t\n\t\t<a class=\"elementor-post__read-more\" href=\"https:\/\/auctor.ch\/fr\/impots-dans-le-canton-de-schwyz-guide-pratique-pour-les-particuliers\/\" aria-label=\"Read more about Besteuerung nat\u00fcrlicher Personen im Kanton Schwyz\" tabindex=\"-1\" >\n\t\t\tLire la suite \u00bb\t\t<\/a>\n\n\t\t\t\t<\/div>\n\t\t\t\t<\/article>\n\t\t\t\t<article class=\"elementor-post elementor-grid-item post-3823 post type-post status-publish format-standard hentry category-allgemein\" role=\"listitem\">\n\t\t\t\t<div class=\"elementor-post__text\">\n\t\t\t\t<h2 class=\"elementor-post__title\">\n\t\t\t<a href=\"https:\/\/auctor.ch\/fr\/impots-sur-les-entreprises-dans-le-canton-de-schwyz-2026-regles-exemples-planification-fiscale\/\" >\n\t\t\t\tImposition des entreprises dans le canton de Schwyz en 2026\t\t\t<\/a>\n\t\t<\/h2>\n\t\t\t\t<div class=\"elementor-post__excerpt\">\n\t\t\t<p>Imposition des entreprises dans le canton de Schwyz 2026 Donn\u00e9es fiscales cl\u00e9s Taux d'imposition des b\u00e9n\u00e9fices : 1.95% (imp\u00f4t simple) Imp\u00f4t sur le capital : 0.003% du capital propre (minimum CHF 100) Charge totale effective : \u00e0 partir de 11.75% y compris l'imp\u00f4t f\u00e9d\u00e9ral Instruments STAF : patent box 90%, d\u00e9duction suppl\u00e9mentaire R&amp;D 50%, limitation du d\u00e9gr\u00e8vement 70% Syst\u00e8me d'imposition des entreprises L'imposition des personnes morales dans le canton de Schwyz suit le syst\u00e8me suisse \u00e0 trois niveaux avec imp\u00f4t f\u00e9d\u00e9ral, imp\u00f4t cantonal et imp\u00f4t f\u00e9d\u00e9ral direct.<\/p>\n\t\t<\/div>\n\t\t\n\t\t<a class=\"elementor-post__read-more\" href=\"https:\/\/auctor.ch\/fr\/impots-sur-les-entreprises-dans-le-canton-de-schwyz-2026-regles-exemples-planification-fiscale\/\" aria-label=\"Read more about Unternehmensbesteuerung im Kanton Schwyz 2026\" tabindex=\"-1\" >\n\t\t\tLire la suite \u00bb\t\t<\/a>\n\n\t\t\t\t<\/div>\n\t\t\t\t<\/article>\n\t\t\t\t<article class=\"elementor-post elementor-grid-item post-3598 post type-post status-publish format-standard hentry category-allgemein\" role=\"listitem\">\n\t\t\t\t<div class=\"elementor-post__text\">\n\t\t\t\t<h2 class=\"elementor-post__title\">\n\t\t\t<a href=\"https:\/\/auctor.ch\/fr\/tva-suisse-comment-fonctionne-la-tva-2025\/\" >\n\t\t\t\tTaxe sur la valeur ajout\u00e9e Suisse : comment fonctionne la TVA (2026)\t\t\t<\/a>\n\t\t<\/h2>\n\t\t\t\t<div class=\"elementor-post__excerpt\">\n\t\t\t<p>TVA Suisse : comment fonctionne la TVA (2026) Les taux de TVA actuels en Suisse sont de 8,1% (taux normal), 3,8% (taux sp\u00e9cial pour l'h\u00e9bergement) et 2,6% (taux r\u00e9duit pour les biens de consommation courante). Selon la loi sur la TVA (LTVA), les entreprises sont assujetties \u00e0 partir d'un chiffre d'affaires annuel de 100 000 CHF et doivent pr\u00e9senter leur d\u00e9compte dans les 60 jours suivant la fin du trimestre. Dans<\/p>\n\t\t<\/div>\n\t\t\n\t\t<a class=\"elementor-post__read-more\" href=\"https:\/\/auctor.ch\/fr\/tva-suisse-comment-fonctionne-la-tva-2025\/\" aria-label=\"Read more about Mehrwertsteuer Schweiz: So funktioniert die Mehrwertsteuer (2026)\" tabindex=\"-1\" >\n\t\t\tLire la suite \u00bb\t\t<\/a>\n\n\t\t\t\t<\/div>\n\t\t\t\t<\/article>\n\t\t\t\t<\/div>\n\t\t\n\t\t\t\t\t\t<\/div>\n\t\t\t\t<\/div>\n\t\t\t\t\t<\/div>\n\t\t\t\t<\/div>\n\t\t\t\t<\/div>","protected":false},"excerpt":{"rendered":"<p>Blog<\/p>","protected":false},"author":1,"featured_media":0,"parent":0,"menu_order":0,"comment_status":"closed","ping_status":"closed","template":"","meta":{"site-sidebar-layout":"no-sidebar","site-content-layout":"page-builder","ast-site-content-layout":"full-width-container","site-content-style":"unboxed","site-sidebar-style":"unboxed","ast-global-header-display":"","ast-banner-title-visibility":"","ast-main-header-display":"","ast-hfb-above-header-display":"","ast-hfb-below-header-display":"","ast-hfb-mobile-header-display":"","site-post-title":"disabled","ast-breadcrumbs-content":"disabled","ast-featured-img":"disabled","footer-sml-layout":"","theme-transparent-header-meta":"default","adv-header-id-meta":"","stick-header-meta":"","header-above-stick-meta":"","header-main-stick-meta":"","header-below-stick-meta":"","astra-migrate-meta-layouts":"set","ast-page-background-enabled":"default","ast-page-background-meta":{"desktop":{"background-color":"","background-image":"","background-repeat":"repeat","background-position":"center center","background-size":"auto","background-attachment":"scroll","background-type":"","background-media":"","overlay-type":"","overlay-color":"","overlay-opacity":"","overlay-gradient":""},"tablet":{"background-color":"","background-image":"","background-repeat":"repeat","background-position":"center center","background-size":"auto","background-attachment":"scroll","background-type":"","background-media":"","overlay-type":"","overlay-color":"","overlay-opacity":"","overlay-gradient":""},"mobile":{"background-color":"","background-image":"","background-repeat":"repeat","background-position":"center center","background-size":"auto","background-attachment":"scroll","background-type":"","background-media":"","overlay-type":"","overlay-color":"","overlay-opacity":"","overlay-gradient":""}},"ast-content-background-meta":{"desktop":{"background-color":"var(--ast-global-color-5)","background-image":"","background-repeat":"repeat","background-position":"center center","background-size":"auto","background-attachment":"scroll","background-type":"","background-media":"","overlay-type":"","overlay-color":"","overlay-opacity":"","overlay-gradient":""},"tablet":{"background-color":"var(--ast-global-color-5)","background-image":"","background-repeat":"repeat","background-position":"center center","background-size":"auto","background-attachment":"scroll","background-type":"","background-media":"","overlay-type":"","overlay-color":"","overlay-opacity":"","overlay-gradient":""},"mobile":{"background-color":"var(--ast-global-color-5)","background-image":"","background-repeat":"repeat","background-position":"center center","background-size":"auto","background-attachment":"scroll","background-type":"","background-media":"","overlay-type":"","overlay-color":"","overlay-opacity":"","overlay-gradient":""}},"footnotes":""},"class_list":["post-3729","page","type-page","status-publish","hentry"],"yoast_head":"<!-- This site is optimized with the Yoast SEO plugin v25.4 - https:\/\/yoast.com\/wordpress\/plugins\/seo\/ -->\n<title>Blog<\/title>\n<meta name=\"description\" content=\"Die Wirtschafts-Treuhand AUCTOR SCHWYZ AG ist eine Gesellschaft f\u00fcr Wirtschaftspr\u00fcfung und Steuerberatung in Wollerau und Schwyz. Seit \u00fcber 40 Jahren Im Bereich Wirtschaft-Treuhand t\u00e4tig.\" \/>\n<meta name=\"robots\" content=\"noindex, nofollow\" \/>\n<meta property=\"og:locale\" content=\"fr_FR\" \/>\n<meta property=\"og:type\" content=\"article\" \/>\n<meta property=\"og:title\" content=\"Steuerberatung, Firmengr\u00fcndung, Buchf\u00fchrung in Wollerau und Schwyz\" \/>\n<meta property=\"og:description\" content=\"Die Wirtschafts-Treuhand AUCTOR SCHWYZ AG ist eine Gesellschaft f\u00fcr Wirtschaftspr\u00fcfung und Steuerberatung in Wollerau und Schwyz. Seit \u00fcber 40 Jahren Im Bereich Wirtschaft-Treuhand t\u00e4tig.\" \/>\n<meta property=\"og:url\" content=\"https:\/\/auctor.ch\/fr\/blog\/\" \/>\n<meta property=\"og:site_name\" content=\"Auctor Schwyz AG\" \/>\n<meta property=\"article:modified_time\" content=\"2026-01-26T12:34:42+00:00\" \/>\n<meta name=\"twitter:card\" content=\"summary_large_image\" \/>\n<meta name=\"twitter:label1\" content=\"Est. reading time\" \/>\n\t<meta name=\"twitter:data1\" content=\"3 minutes\" \/>\n<script type=\"application\/ld+json\" class=\"yoast-schema-graph\">{\"@context\":\"https:\/\/schema.org\",\"@graph\":[{\"@type\":\"WebPage\",\"@id\":\"https:\/\/auctor.ch\/de\/blog\/\",\"url\":\"https:\/\/auctor.ch\/de\/blog\/\",\"name\":\"Blog\",\"isPartOf\":{\"@id\":\"https:\/\/auctor.ch\/#website\"},\"datePublished\":\"2025-07-16T07:11:01+00:00\",\"dateModified\":\"2026-01-26T12:34:42+00:00\",\"description\":\"Die Wirtschafts-Treuhand AUCTOR SCHWYZ AG ist eine Gesellschaft f\u00fcr Wirtschaftspr\u00fcfung und Steuerberatung in Wollerau und Schwyz. Seit \u00fcber 40 Jahren Im Bereich Wirtschaft-Treuhand t\u00e4tig.\",\"breadcrumb\":{\"@id\":\"https:\/\/auctor.ch\/de\/blog\/#breadcrumb\"},\"inLanguage\":\"fr-FR\",\"potentialAction\":[{\"@type\":\"ReadAction\",\"target\":[\"https:\/\/auctor.ch\/de\/blog\/\"]}]},{\"@type\":\"BreadcrumbList\",\"@id\":\"https:\/\/auctor.ch\/de\/blog\/#breadcrumb\",\"itemListElement\":[{\"@type\":\"ListItem\",\"position\":1,\"name\":\"Startseite\",\"item\":\"https:\/\/auctor.ch\/\"},{\"@type\":\"ListItem\",\"position\":2,\"name\":\"Blog\"}]},{\"@type\":\"WebSite\",\"@id\":\"https:\/\/auctor.ch\/#website\",\"url\":\"https:\/\/auctor.ch\/\",\"name\":\"Auctor Schwyz AG\",\"description\":\"Steuerberatung, Firmengr\u00fcndung, Buchf\u00fchrung in Wollerau und Schwyz\",\"publisher\":{\"@id\":\"https:\/\/auctor.ch\/#organization\"},\"potentialAction\":[{\"@type\":\"SearchAction\",\"target\":{\"@type\":\"EntryPoint\",\"urlTemplate\":\"https:\/\/auctor.ch\/?s={search_term_string}\"},\"query-input\":{\"@type\":\"PropertyValueSpecification\",\"valueRequired\":true,\"valueName\":\"search_term_string\"}}],\"inLanguage\":\"fr-FR\"},{\"@type\":\"Organization\",\"@id\":\"https:\/\/auctor.ch\/#organization\",\"name\":\"Auctor Schwyz AG\",\"url\":\"https:\/\/auctor.ch\/\",\"logo\":{\"@type\":\"ImageObject\",\"inLanguage\":\"fr-FR\",\"@id\":\"https:\/\/auctor.ch\/#\/schema\/logo\/image\/\",\"url\":\"https:\/\/auctor.ch\/wp-content\/uploads\/2024\/08\/Logo.png\",\"contentUrl\":\"https:\/\/auctor.ch\/wp-content\/uploads\/2024\/08\/Logo.png\",\"width\":198,\"height\":207,\"caption\":\"Auctor Schwyz AG\"},\"image\":{\"@id\":\"https:\/\/auctor.ch\/#\/schema\/logo\/image\/\"}}]}<\/script>\n<!-- \/ Yoast SEO plugin. -->","yoast_head_json":{"title":"Blog","description":"Die Wirtschafts-Treuhand AUCTOR SCHWYZ AG ist eine Gesellschaft f\u00fcr Wirtschaftspr\u00fcfung und Steuerberatung in Wollerau und Schwyz. Seit \u00fcber 40 Jahren Im Bereich Wirtschaft-Treuhand t\u00e4tig.","robots":{"index":"noindex","follow":"nofollow"},"og_locale":"fr_FR","og_type":"article","og_title":"Steuerberatung, Firmengr\u00fcndung, Buchf\u00fchrung in Wollerau und Schwyz","og_description":"Die Wirtschafts-Treuhand AUCTOR SCHWYZ AG ist eine Gesellschaft f\u00fcr Wirtschaftspr\u00fcfung und Steuerberatung in Wollerau und Schwyz. Seit \u00fcber 40 Jahren Im Bereich Wirtschaft-Treuhand t\u00e4tig.","og_url":"https:\/\/auctor.ch\/fr\/blog\/","og_site_name":"Auctor Schwyz AG","article_modified_time":"2026-01-26T12:34:42+00:00","twitter_card":"summary_large_image","twitter_misc":{"Est. reading time":"3 minutes"},"schema":{"@context":"https:\/\/schema.org","@graph":[{"@type":"WebPage","@id":"https:\/\/auctor.ch\/de\/blog\/","url":"https:\/\/auctor.ch\/de\/blog\/","name":"Blog","isPartOf":{"@id":"https:\/\/auctor.ch\/#website"},"datePublished":"2025-07-16T07:11:01+00:00","dateModified":"2026-01-26T12:34:42+00:00","description":"Die Wirtschafts-Treuhand AUCTOR SCHWYZ AG ist eine Gesellschaft f\u00fcr Wirtschaftspr\u00fcfung und Steuerberatung in Wollerau und Schwyz. Seit \u00fcber 40 Jahren Im Bereich Wirtschaft-Treuhand t\u00e4tig.","breadcrumb":{"@id":"https:\/\/auctor.ch\/de\/blog\/#breadcrumb"},"inLanguage":"fr-FR","potentialAction":[{"@type":"ReadAction","target":["https:\/\/auctor.ch\/de\/blog\/"]}]},{"@type":"BreadcrumbList","@id":"https:\/\/auctor.ch\/de\/blog\/#breadcrumb","itemListElement":[{"@type":"ListItem","position":1,"name":"Startseite","item":"https:\/\/auctor.ch\/"},{"@type":"ListItem","position":2,"name":"Blog"}]},{"@type":"WebSite","@id":"https:\/\/auctor.ch\/#website","url":"https:\/\/auctor.ch\/","name":"Auctor Schwyz AG","description":"Steuerberatung, Firmengr\u00fcndung, Buchf\u00fchrung in Wollerau und Schwyz","publisher":{"@id":"https:\/\/auctor.ch\/#organization"},"potentialAction":[{"@type":"SearchAction","target":{"@type":"EntryPoint","urlTemplate":"https:\/\/auctor.ch\/?s={search_term_string}"},"query-input":{"@type":"PropertyValueSpecification","valueRequired":true,"valueName":"search_term_string"}}],"inLanguage":"fr-FR"},{"@type":"Organization","@id":"https:\/\/auctor.ch\/#organization","name":"Auctor Schwyz AG","url":"https:\/\/auctor.ch\/","logo":{"@type":"ImageObject","inLanguage":"fr-FR","@id":"https:\/\/auctor.ch\/#\/schema\/logo\/image\/","url":"https:\/\/auctor.ch\/wp-content\/uploads\/2024\/08\/Logo.png","contentUrl":"https:\/\/auctor.ch\/wp-content\/uploads\/2024\/08\/Logo.png","width":198,"height":207,"caption":"Auctor Schwyz AG"},"image":{"@id":"https:\/\/auctor.ch\/#\/schema\/logo\/image\/"}}]}},"_links":{"self":[{"href":"https:\/\/auctor.ch\/fr\/wp-json\/wp\/v2\/pages\/3729","targetHints":{"allow":["GET"]}}],"collection":[{"href":"https:\/\/auctor.ch\/fr\/wp-json\/wp\/v2\/pages"}],"about":[{"href":"https:\/\/auctor.ch\/fr\/wp-json\/wp\/v2\/types\/page"}],"author":[{"embeddable":true,"href":"https:\/\/auctor.ch\/fr\/wp-json\/wp\/v2\/users\/1"}],"replies":[{"embeddable":true,"href":"https:\/\/auctor.ch\/fr\/wp-json\/wp\/v2\/comments?post=3729"}],"version-history":[{"count":19,"href":"https:\/\/auctor.ch\/fr\/wp-json\/wp\/v2\/pages\/3729\/revisions"}],"predecessor-version":[{"id":3933,"href":"https:\/\/auctor.ch\/fr\/wp-json\/wp\/v2\/pages\/3729\/revisions\/3933"}],"wp:attachment":[{"href":"https:\/\/auctor.ch\/fr\/wp-json\/wp\/v2\/media?parent=3729"}],"curies":[{"name":"wp","href":"https:\/\/api.w.org\/{rel}","templated":true}]}}