{"id":2588,"date":"2024-10-01T12:53:51","date_gmt":"2024-10-01T10:53:51","guid":{"rendered":"https:\/\/cms-webdesign.ch\/auctor\/?page_id=2588"},"modified":"2024-10-22T08:27:08","modified_gmt":"2024-10-22T06:27:08","slug":"mentions-legales","status":"publish","type":"page","link":"https:\/\/auctor.ch\/fr\/mentions-legales\/","title":{"rendered":"Mentions l\u00e9gales"},"content":{"rendered":"<div data-elementor-type=\"wp-page\" data-elementor-id=\"2588\" class=\"elementor elementor-2588\" data-elementor-post-type=\"page\">\n\t\t\t\t<div data-particle_enable=\"false\" data-particle-mobile-disabled=\"false\" class=\"elementor-element elementor-element-35fbb452 e-flex e-con-boxed e-con e-parent\" data-id=\"35fbb452\" data-element_type=\"container\">\n\t\t\t\t\t<div class=\"e-con-inner\">\n\t\t\t\t<div class=\"elementor-element elementor-element-eb84e8d elementor-widget elementor-widget-heading\" data-id=\"eb84e8d\" data-element_type=\"widget\" data-widget_type=\"heading.default\">\n\t\t\t\t\t\t<div class=\"elementor-widget-container\">\n\t\t\t\t\t<h1 class=\"elementor-heading-title elementor-size-default\">Mentions l\u00e9gales<\/h1>\t\t\t\t<\/div>\n\t\t\t\t<\/div>\n\t\t\t\t<div class=\"elementor-element elementor-element-52a2809e elementor-widget elementor-widget-text-editor\" data-id=\"52a2809e\" data-element_type=\"widget\" data-widget_type=\"text-editor.default\">\n\t\t\t\t\t\t<div class=\"elementor-widget-container\">\n\t\t\t\t\t\t\t\t\t<p><b>Contact<\/b><br>Fiduciaire \u00e9conomique<br>AUCTOR SCHWYZ AG<br>Steisteg sup\u00e9rieur 18<br>6430 Schwyz<\/p>\n<p>+41 (0)41 811 57 52<br>schwyz@auctor.ch<\/p>\n<p><br><\/p>\n<p><\/p>\n<p><b>Concept &amp; design<br><\/b>Le concept et le design ont \u00e9t\u00e9 r\u00e9alis\u00e9s par Masterhomepage GmbH.<\/p>\n<p><b>&nbsp;<\/b><\/p>\n<p><b>Copyright<\/b><br>Les droits d'auteur du concept, des images\/photos et des contenus textuels sont d\u00e9tenus par la Wirtschafts-Treuhand AUCTOR SCHWYZ AG.&nbsp;<\/p>\n<p><b style=\"font-style: inherit; text-align: var(--text-align); background-color: var(--ast-global-color-5); color: var(--ast-global-color-2);\">&nbsp;<\/b><\/p>\n<p><b style=\"font-style: inherit; text-align: var(--text-align); background-color: var(--ast-global-color-5); color: var(--ast-global-color-2);\">Limitation de responsabilit\u00e9<\/b><\/p>\n<p>En utilisant ce site web, vous acceptez les conditions suivantes.<\/p>\n<p>Nous avons cr\u00e9\u00e9 ce site Internet avec le plus grand soin possible. Nous ne garantissons toutefois pas l'exactitude, l'exhaustivit\u00e9, la pr\u00e9cision et l'actualit\u00e9 des contenus mis \u00e0 disposition sur ce site. Nous ne garantissons pas non plus la qualit\u00e9 des contenus transmis ou t\u00e9l\u00e9charg\u00e9s via ce site web. Nous nous r\u00e9servons le droit de modifier, de compl\u00e9ter ou de supprimer des parties du site web ou l'ensemble de l'offre sans pr\u00e9avis particulier.<\/p>\n<p><b>&nbsp;<\/b><\/p>\n<p><b>Droits d'auteur et droits voisins<\/b><\/p>\n<p>Tous les contenus publi\u00e9s sur ce site web sont soumis aux droits d'auteur et aux droits voisins. Les contenus de ce site web ne peuvent \u00eatre utilis\u00e9s qu'avec l'accord \u00e9crit pr\u00e9alable et la mention des droits d'auteur. Cela s'applique en particulier \u00e0 la reproduction, au traitement, \u00e0 la traduction, \u00e0 l'enregistrement, au traitement ou \u00e0 la restitution de contenus dans des bases de donn\u00e9es ou d'autres m\u00e9dias et syst\u00e8mes \u00e9lectroniques. Les contenus et les droits de tiers sont signal\u00e9s comme tels.<\/p>\n<p><b>&nbsp;<\/b><\/p>\n<p><b>Liens externes<\/b><\/p>\n<p>Ce site web contient des liens vers des \u00ab liens externes \u00bb (sites web de tiers). Ces sites sont soumis \u00e0 la responsabilit\u00e9 de leurs exploitants respectifs. Nous n'avons aucune influence sur la conception actuelle et future ainsi que sur les contenus des sites li\u00e9s.D\u00e8s que nous avons connaissance d'une infraction \u00e0 la loi, les liens externes correspondants sont imm\u00e9diatement supprim\u00e9s.<\/p>\n<p>L'utilisateur de liens externes doit \u00eatre conscient du fait que les exploitants de sites web li\u00e9s peuvent saisir et collecter des donn\u00e9es personnelles (y compris des informations g\u00e9n\u00e9r\u00e9es par l'utilisation de cookies) d\u00e8s que leurs sites web sont visit\u00e9s.<\/p>\n<p>Nous ne sommes pas responsables de la mani\u00e8re dont ces op\u00e9rateurs collectent, utilisent ou divulguent les donn\u00e9es personnelles.<\/p>\t\t\t\t\t\t\t\t<\/div>\n\t\t\t\t<\/div>\n\t\t\t\t\t<\/div>\n\t\t\t\t<\/div>\n\t\t\t\t<\/div>","protected":false},"excerpt":{"rendered":"<p>KontaktadresseWirtschafts-TreuhandAUCTOR SCHWYZ AGOberer Steisteg 186430 Schwyz +41 (0)41 811 57 52&#x73;&#x63;&#x68;&#x77;&#x79;&#x7a;&#x40;&#x61;&#x75;&#x63;&#x74;&#111;&#114;&#46;&#99;&#104; Konzept &amp; DesignDas Konzept und Design wurde durch die Masterhomepage GmbH realisiert. &nbsp; CopyrightDas Copyright des Konzepts, der Bilder\/Fotos und der textlichen Inhalte liegen bei der Wirtschafts-Treuhand AUCTOR SCHWYZ AG.&nbsp; &nbsp; Haftungsbeschr\u00e4nkung Mit der Nutzung dieser Website akzeptieren Sie die nachfolgenden Bedingungen. Wir haben [&hellip;]<\/p>","protected":false},"author":1,"featured_media":0,"parent":0,"menu_order":0,"comment_status":"closed","ping_status":"closed","template":"","meta":{"site-sidebar-layout":"no-sidebar","site-content-layout":"","ast-site-content-layout":"full-width-container","site-content-style":"unboxed","site-sidebar-style":"unboxed","ast-global-header-display":"","ast-banner-title-visibility":"","ast-main-header-display":"","ast-hfb-above-header-display":"","ast-hfb-below-header-display":"","ast-hfb-mobile-header-display":"","site-post-title":"","ast-breadcrumbs-content":"","ast-featured-img":"","footer-sml-layout":"","theme-transparent-header-meta":"","adv-header-id-meta":"","stick-header-meta":"","header-above-stick-meta":"","header-main-stick-meta":"","header-below-stick-meta":"","astra-migrate-meta-layouts":"set","ast-page-background-enabled":"default","ast-page-background-meta":{"desktop":{"background-color":"","background-image":"","background-repeat":"repeat","background-position":"center center","background-size":"auto","background-attachment":"scroll","background-type":"","background-media":"","overlay-type":"","overlay-color":"","overlay-opacity":"","overlay-gradient":""},"tablet":{"background-color":"","background-image":"","background-repeat":"repeat","background-position":"center center","background-size":"auto","background-attachment":"scroll","background-type":"","background-media":"","overlay-type":"","overlay-color":"","overlay-opacity":"","overlay-gradient":""},"mobile":{"background-color":"","background-image":"","background-repeat":"repeat","background-position":"center center","background-size":"auto","background-attachment":"scroll","background-type":"","background-media":"","overlay-type":"","overlay-color":"","overlay-opacity":"","overlay-gradient":""}},"ast-content-background-meta":{"desktop":{"background-color":"var(--ast-global-color-5)","background-image":"","background-repeat":"repeat","background-position":"center center","background-size":"auto","background-attachment":"scroll","background-type":"","background-media":"","overlay-type":"","overlay-color":"","overlay-opacity":"","overlay-gradient":""},"tablet":{"background-color":"var(--ast-global-color-5)","background-image":"","background-repeat":"repeat","background-position":"center center","background-size":"auto","background-attachment":"scroll","background-type":"","background-media":"","overlay-type":"","overlay-color":"","overlay-opacity":"","overlay-gradient":""},"mobile":{"background-color":"var(--ast-global-color-5)","background-image":"","background-repeat":"repeat","background-position":"center center","background-size":"auto","background-attachment":"scroll","background-type":"","background-media":"","overlay-type":"","overlay-color":"","overlay-opacity":"","overlay-gradient":""}},"footnotes":""},"class_list":["post-2588","page","type-page","status-publish","hentry"],"yoast_head":"<!-- This site is optimized with the Yoast SEO plugin v25.4 - https:\/\/yoast.com\/wordpress\/plugins\/seo\/ -->\n<title>Impressum - Auctor Schwyz AG<\/title>\n<meta name=\"robots\" content=\"index, follow, max-snippet:-1, max-image-preview:large, max-video-preview:-1\" \/>\n<link rel=\"canonical\" href=\"https:\/\/auctor.ch\/fr\/mentions-legales\/\" \/>\n<meta property=\"og:locale\" content=\"fr_FR\" \/>\n<meta property=\"og:type\" content=\"article\" \/>\n<meta property=\"og:title\" content=\"Impressum - Auctor Schwyz AG\" \/>\n<meta property=\"og:description\" content=\"KontaktadresseWirtschafts-TreuhandAUCTOR SCHWYZ AGOberer Steisteg 186430 Schwyz +41 (0)41 811 57 52&#x73;&#x63;&#104;wy&#x7a;&#x40;&#097;&#117;c&#x74;&#x6f;&#114;&#046;c&#x68; Konzept &amp; DesignDas Konzept und Design wurde durch die Masterhomepage GmbH realisiert. &nbsp; CopyrightDas Copyright des Konzepts, der Bilder\/Fotos und der textlichen Inhalte liegen bei der Wirtschafts-Treuhand AUCTOR SCHWYZ AG.&nbsp; &nbsp; Haftungsbeschr\u00e4nkung Mit der Nutzung dieser Website akzeptieren Sie die nachfolgenden Bedingungen. Wir haben [&hellip;]\" \/>\n<meta property=\"og:url\" content=\"https:\/\/auctor.ch\/fr\/mentions-legales\/\" \/>\n<meta property=\"og:site_name\" content=\"Auctor Schwyz AG\" \/>\n<meta property=\"article:modified_time\" content=\"2024-10-22T06:27:08+00:00\" \/>\n<meta name=\"twitter:card\" content=\"summary_large_image\" \/>\n<meta name=\"twitter:label1\" content=\"Est. reading time\" \/>\n\t<meta name=\"twitter:data1\" content=\"2 minutes\" \/>\n<script type=\"application\/ld+json\" class=\"yoast-schema-graph\">{\"@context\":\"https:\/\/schema.org\",\"@graph\":[{\"@type\":\"WebPage\",\"@id\":\"https:\/\/auctor.ch\/impressum\/\",\"url\":\"https:\/\/auctor.ch\/impressum\/\",\"name\":\"Impressum - Auctor Schwyz AG\",\"isPartOf\":{\"@id\":\"https:\/\/auctor.ch\/#website\"},\"datePublished\":\"2024-10-01T10:53:51+00:00\",\"dateModified\":\"2024-10-22T06:27:08+00:00\",\"breadcrumb\":{\"@id\":\"https:\/\/auctor.ch\/impressum\/#breadcrumb\"},\"inLanguage\":\"fr-FR\",\"potentialAction\":[{\"@type\":\"ReadAction\",\"target\":[\"https:\/\/auctor.ch\/impressum\/\"]}]},{\"@type\":\"BreadcrumbList\",\"@id\":\"https:\/\/auctor.ch\/impressum\/#breadcrumb\",\"itemListElement\":[{\"@type\":\"ListItem\",\"position\":1,\"name\":\"Startseite\",\"item\":\"https:\/\/auctor.ch\/\"},{\"@type\":\"ListItem\",\"position\":2,\"name\":\"Impressum\"}]},{\"@type\":\"WebSite\",\"@id\":\"https:\/\/auctor.ch\/#website\",\"url\":\"https:\/\/auctor.ch\/\",\"name\":\"Auctor Schwyz AG\",\"description\":\"Steuerberatung, Firmengr\u00fcndung, Buchf\u00fchrung in Wollerau und Schwyz\",\"publisher\":{\"@id\":\"https:\/\/auctor.ch\/#organization\"},\"potentialAction\":[{\"@type\":\"SearchAction\",\"target\":{\"@type\":\"EntryPoint\",\"urlTemplate\":\"https:\/\/auctor.ch\/?s={search_term_string}\"},\"query-input\":{\"@type\":\"PropertyValueSpecification\",\"valueRequired\":true,\"valueName\":\"search_term_string\"}}],\"inLanguage\":\"fr-FR\"},{\"@type\":\"Organization\",\"@id\":\"https:\/\/auctor.ch\/#organization\",\"name\":\"Auctor Schwyz AG\",\"url\":\"https:\/\/auctor.ch\/\",\"logo\":{\"@type\":\"ImageObject\",\"inLanguage\":\"fr-FR\",\"@id\":\"https:\/\/auctor.ch\/#\/schema\/logo\/image\/\",\"url\":\"https:\/\/auctor.ch\/wp-content\/uploads\/2024\/08\/Logo.png\",\"contentUrl\":\"https:\/\/auctor.ch\/wp-content\/uploads\/2024\/08\/Logo.png\",\"width\":198,\"height\":207,\"caption\":\"Auctor Schwyz AG\"},\"image\":{\"@id\":\"https:\/\/auctor.ch\/#\/schema\/logo\/image\/\"}}]}<\/script>\n<!-- \/ Yoast SEO plugin. -->","yoast_head_json":{"title":"Impressum - Auctor Schwyz AG","robots":{"index":"index","follow":"follow","max-snippet":"max-snippet:-1","max-image-preview":"max-image-preview:large","max-video-preview":"max-video-preview:-1"},"canonical":"https:\/\/auctor.ch\/fr\/mentions-legales\/","og_locale":"fr_FR","og_type":"article","og_title":"Impressum - Auctor Schwyz AG","og_description":"KontaktadresseWirtschafts-TreuhandAUCTOR SCHWYZ AGOberer Steisteg 186430 Schwyz +41 (0)41 811 57 52&#x73;&#x63;&#104;wy&#x7a;&#x40;&#97;&#117;c&#x74;&#x6f;&#114;&#46;c&#x68; Konzept &amp; DesignDas Konzept und Design wurde durch die Masterhomepage GmbH realisiert. &nbsp; CopyrightDas Copyright des Konzepts, der Bilder\/Fotos und der textlichen Inhalte liegen bei der Wirtschafts-Treuhand AUCTOR SCHWYZ AG.&nbsp; &nbsp; Haftungsbeschr\u00e4nkung Mit der Nutzung dieser Website akzeptieren Sie die nachfolgenden Bedingungen. Wir haben [&hellip;]","og_url":"https:\/\/auctor.ch\/fr\/mentions-legales\/","og_site_name":"Auctor Schwyz AG","article_modified_time":"2024-10-22T06:27:08+00:00","twitter_card":"summary_large_image","twitter_misc":{"Est. reading time":"2 minutes"},"schema":{"@context":"https:\/\/schema.org","@graph":[{"@type":"WebPage","@id":"https:\/\/auctor.ch\/impressum\/","url":"https:\/\/auctor.ch\/impressum\/","name":"Impressum - Auctor Schwyz AG","isPartOf":{"@id":"https:\/\/auctor.ch\/#website"},"datePublished":"2024-10-01T10:53:51+00:00","dateModified":"2024-10-22T06:27:08+00:00","breadcrumb":{"@id":"https:\/\/auctor.ch\/impressum\/#breadcrumb"},"inLanguage":"fr-FR","potentialAction":[{"@type":"ReadAction","target":["https:\/\/auctor.ch\/impressum\/"]}]},{"@type":"BreadcrumbList","@id":"https:\/\/auctor.ch\/impressum\/#breadcrumb","itemListElement":[{"@type":"ListItem","position":1,"name":"Startseite","item":"https:\/\/auctor.ch\/"},{"@type":"ListItem","position":2,"name":"Impressum"}]},{"@type":"WebSite","@id":"https:\/\/auctor.ch\/#website","url":"https:\/\/auctor.ch\/","name":"Auctor Schwyz AG","description":"Steuerberatung, Firmengr\u00fcndung, Buchf\u00fchrung in Wollerau und Schwyz","publisher":{"@id":"https:\/\/auctor.ch\/#organization"},"potentialAction":[{"@type":"SearchAction","target":{"@type":"EntryPoint","urlTemplate":"https:\/\/auctor.ch\/?s={search_term_string}"},"query-input":{"@type":"PropertyValueSpecification","valueRequired":true,"valueName":"search_term_string"}}],"inLanguage":"fr-FR"},{"@type":"Organization","@id":"https:\/\/auctor.ch\/#organization","name":"Auctor Schwyz AG","url":"https:\/\/auctor.ch\/","logo":{"@type":"ImageObject","inLanguage":"fr-FR","@id":"https:\/\/auctor.ch\/#\/schema\/logo\/image\/","url":"https:\/\/auctor.ch\/wp-content\/uploads\/2024\/08\/Logo.png","contentUrl":"https:\/\/auctor.ch\/wp-content\/uploads\/2024\/08\/Logo.png","width":198,"height":207,"caption":"Auctor Schwyz AG"},"image":{"@id":"https:\/\/auctor.ch\/#\/schema\/logo\/image\/"}}]}},"_links":{"self":[{"href":"https:\/\/auctor.ch\/fr\/wp-json\/wp\/v2\/pages\/2588","targetHints":{"allow":["GET"]}}],"collection":[{"href":"https:\/\/auctor.ch\/fr\/wp-json\/wp\/v2\/pages"}],"about":[{"href":"https:\/\/auctor.ch\/fr\/wp-json\/wp\/v2\/types\/page"}],"author":[{"embeddable":true,"href":"https:\/\/auctor.ch\/fr\/wp-json\/wp\/v2\/users\/1"}],"replies":[{"embeddable":true,"href":"https:\/\/auctor.ch\/fr\/wp-json\/wp\/v2\/comments?post=2588"}],"version-history":[{"count":25,"href":"https:\/\/auctor.ch\/fr\/wp-json\/wp\/v2\/pages\/2588\/revisions"}],"predecessor-version":[{"id":2907,"href":"https:\/\/auctor.ch\/fr\/wp-json\/wp\/v2\/pages\/2588\/revisions\/2907"}],"wp:attachment":[{"href":"https:\/\/auctor.ch\/fr\/wp-json\/wp\/v2\/media?parent=2588"}],"curies":[{"name":"wp","href":"https:\/\/api.w.org\/{rel}","templated":true}]}}