{"id":2185,"date":"2024-09-24T09:21:20","date_gmt":"2024-09-24T07:21:20","guid":{"rendered":"https:\/\/cms-webdesign.ch\/auctor\/?page_id=2185"},"modified":"2024-10-02T08:20:36","modified_gmt":"2024-10-02T06:20:36","slug":"philosophie","status":"publish","type":"page","link":"https:\/\/auctor.ch\/fr\/philosophie\/","title":{"rendered":"Philosophie"},"content":{"rendered":"<div data-elementor-type=\"wp-page\" data-elementor-id=\"2185\" class=\"elementor elementor-2185\" data-elementor-post-type=\"page\">\n\t\t\t\t<div data-particle_enable=\"false\" data-particle-mobile-disabled=\"false\" class=\"elementor-element elementor-element-3e5c029 e-flex e-con-boxed e-con e-parent\" data-id=\"3e5c029\" data-element_type=\"container\" id=\"home\" data-settings=\"{&quot;background_background&quot;:&quot;classic&quot;}\">\n\t\t\t\t\t<div class=\"e-con-inner\">\n\t\t\t\t<div class=\"elementor-element elementor-element-faade83 elementor-widget__width-initial animated-slow elementor-invisible elementor-widget elementor-widget-heading\" data-id=\"faade83\" data-element_type=\"widget\" data-settings=\"{&quot;_animation&quot;:&quot;fadeInDown&quot;}\" data-widget_type=\"heading.default\">\n\t\t\t\t\t\t<div class=\"elementor-widget-container\">\n\t\t\t\t\t<h1 class=\"elementor-heading-title elementor-size-default\">Philosophie<\/h1>\t\t\t\t<\/div>\n\t\t\t\t<\/div>\n\t\t\t\t\t<\/div>\n\t\t\t\t<\/div>\n\t\t<div data-particle_enable=\"false\" data-particle-mobile-disabled=\"false\" class=\"elementor-element elementor-element-d3cb96f animated-slow e-flex e-con-boxed elementor-invisible e-con e-parent\" data-id=\"d3cb96f\" data-element_type=\"container\" data-settings=\"{&quot;animation&quot;:&quot;fadeIn&quot;}\">\n\t\t\t\t\t<div class=\"e-con-inner\">\n\t\t<div data-particle_enable=\"false\" data-particle-mobile-disabled=\"false\" class=\"elementor-element elementor-element-a6ad9f7 e-con-full e-flex e-con e-child\" data-id=\"a6ad9f7\" data-element_type=\"container\">\n\t\t\t\t<div class=\"elementor-element elementor-element-db6d107 elementor-widget-divider--view-line elementor-widget elementor-widget-divider\" data-id=\"db6d107\" data-element_type=\"widget\" data-widget_type=\"divider.default\">\n\t\t\t\t\t\t<div class=\"elementor-widget-container\">\n\t\t\t\t\t\t\t<div class=\"elementor-divider\">\n\t\t\t<span class=\"elementor-divider-separator\">\n\t\t\t\t\t\t<\/span>\n\t\t<\/div>\n\t\t\t\t\t\t<\/div>\n\t\t\t\t<\/div>\n\t\t\t\t<div class=\"elementor-element elementor-element-21175d6 elementor-widget elementor-widget-heading\" data-id=\"21175d6\" data-element_type=\"widget\" data-widget_type=\"heading.default\">\n\t\t\t\t\t\t<div class=\"elementor-widget-container\">\n\t\t\t\t\t<h1 class=\"elementor-heading-title elementor-size-default\">Consulter Wirtschafts-Treuhand AUCTOR SCHWYZ AG\n<\/h1>\t\t\t\t<\/div>\n\t\t\t\t<\/div>\n\t\t\t\t<div class=\"elementor-element elementor-element-cb00b83 elementor-widget-divider--view-line elementor-widget elementor-widget-divider\" data-id=\"cb00b83\" data-element_type=\"widget\" data-widget_type=\"divider.default\">\n\t\t\t\t\t\t<div class=\"elementor-widget-container\">\n\t\t\t\t\t\t\t<div class=\"elementor-divider\">\n\t\t\t<span class=\"elementor-divider-separator\">\n\t\t\t\t\t\t<\/span>\n\t\t<\/div>\n\t\t\t\t\t\t<\/div>\n\t\t\t\t<\/div>\n\t\t\t\t<\/div>\n\t\t\t\t\t<\/div>\n\t\t\t\t<\/div>\n\t\t<div data-particle_enable=\"false\" data-particle-mobile-disabled=\"false\" class=\"elementor-element elementor-element-15c8530 animated-slow e-flex e-con-boxed elementor-invisible e-con e-parent\" data-id=\"15c8530\" data-element_type=\"container\" data-settings=\"{&quot;animation&quot;:&quot;fadeIn&quot;}\">\n\t\t\t\t\t<div class=\"e-con-inner\">\n\t\t<div data-particle_enable=\"false\" data-particle-mobile-disabled=\"false\" class=\"elementor-element elementor-element-89ea9f2 e-con-full e-flex e-con e-child\" data-id=\"89ea9f2\" data-element_type=\"container\">\n\t\t\t\t<div class=\"elementor-element elementor-element-c5e10c9 elementor-widget elementor-widget-text-editor\" data-id=\"c5e10c9\" data-element_type=\"widget\" data-widget_type=\"text-editor.default\">\n\t\t\t\t\t\t<div class=\"elementor-widget-container\">\n\t\t\t\t\t\t\t\t\t<p>Les entreprises, institutions et particuliers internationaux et suisses ont de multiples raisons d'utiliser les services d'une soci\u00e9t\u00e9 de fiducie ou de conseil juridique, de gestion ou de repr\u00e9sentation en Suisse, et en particulier dans le canton de Schwyz et \u00e0 Wollerau. Afin de palier le manque de comp\u00e9tence ou de temps, ou encore l'\u00e9loignement, des contrats uniques ou durables peuvent \u00eatre conclus directement avec des sp\u00e9cialistes et des experts dans les domaines de la fiducie et du droit. Les mesures et les objectifs sont ainsi atteints et mis en \u0153uvre de mani\u00e8re plus efficace et efficiente (<a href=\"https:\/\/auctor.ch\/fr\/conseil-fiscal\/\">imp\u00f4ts<\/a>, <a href=\"https:\/\/auctor.ch\/fr\/conseil-en-matiere-de-tva\/\">TVA<\/a>, strat\u00e9gies, droit, <a href=\"https:\/\/auctor.ch\/fr\/firmengruendung-beurkundung\/\">cr\u00e9ation d'entreprise<\/a>, <a href=\"https:\/\/auctor.ch\/fr\/mandats-fiduciaires-et-domiciliations\/\">mandats fiduciaires et domiciliations<\/a>, implantations, <a href=\"https:\/\/auctor.ch\/fr\/revision-de-lexamen-deconomie\/\">v\u00e9rifications \u00e9conomiques<\/a>, <a href=\"https:\/\/auctor.ch\/fr\/conseil-aux-entreprises\/\">Conseil aux entreprises<\/a>, <a href=\"https:\/\/auctor.ch\/fr\/finance-et-comptabilite\/\">Finance et comptabilit\u00e9<\/a>). En outre, un mandant peut \u00e9galement choisir de d\u00e9l\u00e9guer des t\u00e2ches sp\u00e9cifiques \u00e0 un expert ext\u00e9rieur qualifi\u00e9 et neutre.<\/p>\t\t\t\t\t\t\t\t<\/div>\n\t\t\t\t<\/div>\n\t\t\t\t<\/div>\n\t\t\t\t\t<\/div>\n\t\t\t\t<\/div>\n\t\t<div data-particle_enable=\"false\" data-particle-mobile-disabled=\"false\" class=\"elementor-element elementor-element-d08e13a animated-slow e-flex e-con-boxed elementor-invisible e-con e-parent\" data-id=\"d08e13a\" data-element_type=\"container\" data-settings=\"{&quot;animation&quot;:&quot;fadeIn&quot;}\">\n\t\t\t\t\t<div class=\"e-con-inner\">\n\t\t<div data-particle_enable=\"false\" data-particle-mobile-disabled=\"false\" class=\"elementor-element elementor-element-3baf956 e-con-full e-flex e-con e-child\" data-id=\"3baf956\" data-element_type=\"container\">\n\t\t\t\t<div class=\"elementor-element elementor-element-19b801e elementor-widget-divider--view-line elementor-widget elementor-widget-divider\" data-id=\"19b801e\" data-element_type=\"widget\" data-widget_type=\"divider.default\">\n\t\t\t\t\t\t<div class=\"elementor-widget-container\">\n\t\t\t\t\t\t\t<div class=\"elementor-divider\">\n\t\t\t<span class=\"elementor-divider-separator\">\n\t\t\t\t\t\t<\/span>\n\t\t<\/div>\n\t\t\t\t\t\t<\/div>\n\t\t\t\t<\/div>\n\t\t\t\t<div class=\"elementor-element elementor-element-62c6848 elementor-widget elementor-widget-heading\" data-id=\"62c6848\" data-element_type=\"widget\" data-widget_type=\"heading.default\">\n\t\t\t\t\t\t<div class=\"elementor-widget-container\">\n\t\t\t\t\t<h1 class=\"elementor-heading-title elementor-size-default\">Conseil individuel et personnel\n<\/h1>\t\t\t\t<\/div>\n\t\t\t\t<\/div>\n\t\t\t\t<div class=\"elementor-element elementor-element-e4e86b3 elementor-widget-divider--view-line elementor-widget elementor-widget-divider\" data-id=\"e4e86b3\" data-element_type=\"widget\" data-widget_type=\"divider.default\">\n\t\t\t\t\t\t<div class=\"elementor-widget-container\">\n\t\t\t\t\t\t\t<div class=\"elementor-divider\">\n\t\t\t<span class=\"elementor-divider-separator\">\n\t\t\t\t\t\t<\/span>\n\t\t<\/div>\n\t\t\t\t\t\t<\/div>\n\t\t\t\t<\/div>\n\t\t\t\t<\/div>\n\t\t\t\t\t<\/div>\n\t\t\t\t<\/div>\n\t\t<div data-particle_enable=\"false\" data-particle-mobile-disabled=\"false\" class=\"elementor-element elementor-element-01ea5ce animated-slow e-flex e-con-boxed elementor-invisible e-con e-parent\" data-id=\"01ea5ce\" data-element_type=\"container\" data-settings=\"{&quot;animation&quot;:&quot;fadeIn&quot;}\">\n\t\t\t\t\t<div class=\"e-con-inner\">\n\t\t<div data-particle_enable=\"false\" data-particle-mobile-disabled=\"false\" class=\"elementor-element elementor-element-56b7d36 e-con-full e-flex e-con e-child\" data-id=\"56b7d36\" data-element_type=\"container\">\n\t\t\t\t<div class=\"elementor-element elementor-element-843847a elementor-widget elementor-widget-text-editor\" data-id=\"843847a\" data-element_type=\"widget\" data-widget_type=\"text-editor.default\">\n\t\t\t\t\t\t<div class=\"elementor-widget-container\">\n\t\t\t\t\t\t\t\t\t<p>La base d'un service de conseil r\u00e9ussi est le contact personnel avec le client ainsi qu'une relation de confiance r\u00e9ciproque entre le mandant et le conseiller. L'ensemble de nos m\u00e9thodes de travail repose sur ce principe. Un entretien personnel permet de d\u00e9finir les missions, d'identifier les probl\u00e8mes et d'\u00e9valuer le temps n\u00e9cessaire, puis d'\u00e9tablir un plan d'actions et un calendrier assortis d'un devis. Le contrat est ex\u00e9cut\u00e9 en \u00e9troite coop\u00e9ration avec le mandant.<\/p><p><br>\nNotre philosophie consiste \u00e0 offrir un conseil professionnel, objectif et irr\u00e9prochable \u00e0 des entreprises, des institutions et des particuliers internationaux et suisses, ind\u00e9pendamment du volume du contrat.<\/p>\t\t\t\t\t\t\t\t<\/div>\n\t\t\t\t<\/div>\n\t\t\t\t<\/div>\n\t\t\t\t\t<\/div>\n\t\t\t\t<\/div>\n\t\t\t\t<\/div>","protected":false},"excerpt":{"rendered":"<p>Beizug der Wirtschafts-Treuhand AUCTOR SCHWYZ AG F\u00fcr internationale und schweizerische Unternehmen, Institute und Privatpersonen gibt es verschiedene Gr\u00fcnde, die Dienstleistungen eines Treuhand- oder Rechtsberaters, einer Verwaltung oder einer Vertretung in der Schweiz, insbesondere im Kanton Schwyz und in Wollerau in Anspruch zu nehmen. Aus fachlichen, zeitlichen, und \u00f6rtlichen Gr\u00fcnden k\u00f6nnen einzelne oder dauerhafte Auftr\u00e4ge direkt [&hellip;]<\/p>","protected":false},"author":1,"featured_media":0,"parent":0,"menu_order":0,"comment_status":"closed","ping_status":"closed","template":"","meta":{"site-sidebar-layout":"no-sidebar","site-content-layout":"page-builder","ast-site-content-layout":"full-width-container","site-content-style":"unboxed","site-sidebar-style":"unboxed","ast-global-header-display":"","ast-banner-title-visibility":"","ast-main-header-display":"","ast-hfb-above-header-display":"","ast-hfb-below-header-display":"","ast-hfb-mobile-header-display":"","site-post-title":"disabled","ast-breadcrumbs-content":"disabled","ast-featured-img":"disabled","footer-sml-layout":"","theme-transparent-header-meta":"default","adv-header-id-meta":"","stick-header-meta":"","header-above-stick-meta":"","header-main-stick-meta":"","header-below-stick-meta":"","astra-migrate-meta-layouts":"set","ast-page-background-enabled":"default","ast-page-background-meta":{"desktop":{"background-color":"","background-image":"","background-repeat":"repeat","background-position":"center center","background-size":"auto","background-attachment":"scroll","background-type":"","background-media":"","overlay-type":"","overlay-color":"","overlay-opacity":"","overlay-gradient":""},"tablet":{"background-color":"","background-image":"","background-repeat":"repeat","background-position":"center center","background-size":"auto","background-attachment":"scroll","background-type":"","background-media":"","overlay-type":"","overlay-color":"","overlay-opacity":"","overlay-gradient":""},"mobile":{"background-color":"","background-image":"","background-repeat":"repeat","background-position":"center center","background-size":"auto","background-attachment":"scroll","background-type":"","background-media":"","overlay-type":"","overlay-color":"","overlay-opacity":"","overlay-gradient":""}},"ast-content-background-meta":{"desktop":{"background-color":"var(--ast-global-color-5)","background-image":"","background-repeat":"repeat","background-position":"center center","background-size":"auto","background-attachment":"scroll","background-type":"","background-media":"","overlay-type":"","overlay-color":"","overlay-opacity":"","overlay-gradient":""},"tablet":{"background-color":"var(--ast-global-color-5)","background-image":"","background-repeat":"repeat","background-position":"center center","background-size":"auto","background-attachment":"scroll","background-type":"","background-media":"","overlay-type":"","overlay-color":"","overlay-opacity":"","overlay-gradient":""},"mobile":{"background-color":"var(--ast-global-color-5)","background-image":"","background-repeat":"repeat","background-position":"center center","background-size":"auto","background-attachment":"scroll","background-type":"","background-media":"","overlay-type":"","overlay-color":"","overlay-opacity":"","overlay-gradient":""}},"footnotes":""},"class_list":["post-2185","page","type-page","status-publish","hentry"],"yoast_head":"<!-- This site is optimized with the Yoast SEO plugin v25.4 - https:\/\/yoast.com\/wordpress\/plugins\/seo\/ -->\n<title>Philosophie - Auctor Schwyz AG<\/title>\n<meta name=\"description\" content=\"F\u00fcr internationale und schweizerische Unternehmen, Institute und Privatpersonen gibt es verschiedene Gr\u00fcnde, die Dienstleistungen eines Treuhand- oder Rechtsberaters, einer Verwaltung oder einer Vertretung in der Schweiz, insbesondere im Kanton Schwyz und in Wollerau in Anspruch zu nehmen\" \/>\n<meta name=\"robots\" content=\"index, follow, max-snippet:-1, max-image-preview:large, max-video-preview:-1\" \/>\n<link rel=\"canonical\" href=\"https:\/\/auctor.ch\/fr\/philosophie\/\" \/>\n<meta property=\"og:locale\" content=\"fr_FR\" \/>\n<meta property=\"og:type\" content=\"article\" \/>\n<meta property=\"og:title\" content=\"Philosophie - Auctor Schwyz AG\" \/>\n<meta property=\"og:description\" content=\"F\u00fcr internationale und schweizerische Unternehmen, Institute und Privatpersonen gibt es verschiedene Gr\u00fcnde, die Dienstleistungen eines Treuhand- oder Rechtsberaters, einer Verwaltung oder einer Vertretung in der Schweiz, insbesondere im Kanton Schwyz und in Wollerau in Anspruch zu nehmen\" \/>\n<meta property=\"og:url\" content=\"https:\/\/auctor.ch\/fr\/philosophie\/\" \/>\n<meta property=\"og:site_name\" content=\"Auctor Schwyz AG\" \/>\n<meta property=\"article:modified_time\" content=\"2024-10-02T06:20:36+00:00\" \/>\n<meta name=\"twitter:card\" content=\"summary_large_image\" \/>\n<meta name=\"twitter:label1\" content=\"Est. reading time\" \/>\n\t<meta name=\"twitter:data1\" content=\"2 minutes\" \/>\n<script type=\"application\/ld+json\" class=\"yoast-schema-graph\">{\"@context\":\"https:\/\/schema.org\",\"@graph\":[{\"@type\":\"WebPage\",\"@id\":\"https:\/\/auctor.ch\/philosophie\/\",\"url\":\"https:\/\/auctor.ch\/philosophie\/\",\"name\":\"Philosophie - Auctor Schwyz AG\",\"isPartOf\":{\"@id\":\"https:\/\/auctor.ch\/#website\"},\"datePublished\":\"2024-09-24T07:21:20+00:00\",\"dateModified\":\"2024-10-02T06:20:36+00:00\",\"description\":\"F\u00fcr internationale und schweizerische Unternehmen, Institute und Privatpersonen gibt es verschiedene Gr\u00fcnde, die Dienstleistungen eines Treuhand- oder Rechtsberaters, einer Verwaltung oder einer Vertretung in der Schweiz, insbesondere im Kanton Schwyz und in Wollerau in Anspruch zu nehmen\",\"breadcrumb\":{\"@id\":\"https:\/\/auctor.ch\/philosophie\/#breadcrumb\"},\"inLanguage\":\"fr-FR\",\"potentialAction\":[{\"@type\":\"ReadAction\",\"target\":[\"https:\/\/auctor.ch\/philosophie\/\"]}]},{\"@type\":\"BreadcrumbList\",\"@id\":\"https:\/\/auctor.ch\/philosophie\/#breadcrumb\",\"itemListElement\":[{\"@type\":\"ListItem\",\"position\":1,\"name\":\"Startseite\",\"item\":\"https:\/\/auctor.ch\/\"},{\"@type\":\"ListItem\",\"position\":2,\"name\":\"Philosophie\"}]},{\"@type\":\"WebSite\",\"@id\":\"https:\/\/auctor.ch\/#website\",\"url\":\"https:\/\/auctor.ch\/\",\"name\":\"Auctor Schwyz AG\",\"description\":\"Steuerberatung, Firmengr\u00fcndung, Buchf\u00fchrung in Wollerau und Schwyz\",\"publisher\":{\"@id\":\"https:\/\/auctor.ch\/#organization\"},\"potentialAction\":[{\"@type\":\"SearchAction\",\"target\":{\"@type\":\"EntryPoint\",\"urlTemplate\":\"https:\/\/auctor.ch\/?s={search_term_string}\"},\"query-input\":{\"@type\":\"PropertyValueSpecification\",\"valueRequired\":true,\"valueName\":\"search_term_string\"}}],\"inLanguage\":\"fr-FR\"},{\"@type\":\"Organization\",\"@id\":\"https:\/\/auctor.ch\/#organization\",\"name\":\"Auctor Schwyz AG\",\"url\":\"https:\/\/auctor.ch\/\",\"logo\":{\"@type\":\"ImageObject\",\"inLanguage\":\"fr-FR\",\"@id\":\"https:\/\/auctor.ch\/#\/schema\/logo\/image\/\",\"url\":\"https:\/\/auctor.ch\/wp-content\/uploads\/2024\/08\/Logo.png\",\"contentUrl\":\"https:\/\/auctor.ch\/wp-content\/uploads\/2024\/08\/Logo.png\",\"width\":198,\"height\":207,\"caption\":\"Auctor Schwyz AG\"},\"image\":{\"@id\":\"https:\/\/auctor.ch\/#\/schema\/logo\/image\/\"}}]}<\/script>\n<!-- \/ Yoast SEO plugin. -->","yoast_head_json":{"title":"Philosophie - Auctor Schwyz AG","description":"F\u00fcr internationale und schweizerische Unternehmen, Institute und Privatpersonen gibt es verschiedene Gr\u00fcnde, die Dienstleistungen eines Treuhand- oder Rechtsberaters, einer Verwaltung oder einer Vertretung in der Schweiz, insbesondere im Kanton Schwyz und in Wollerau in Anspruch zu nehmen","robots":{"index":"index","follow":"follow","max-snippet":"max-snippet:-1","max-image-preview":"max-image-preview:large","max-video-preview":"max-video-preview:-1"},"canonical":"https:\/\/auctor.ch\/fr\/philosophie\/","og_locale":"fr_FR","og_type":"article","og_title":"Philosophie - Auctor Schwyz AG","og_description":"F\u00fcr internationale und schweizerische Unternehmen, Institute und Privatpersonen gibt es verschiedene Gr\u00fcnde, die Dienstleistungen eines Treuhand- oder Rechtsberaters, einer Verwaltung oder einer Vertretung in der Schweiz, insbesondere im Kanton Schwyz und in Wollerau in Anspruch zu nehmen","og_url":"https:\/\/auctor.ch\/fr\/philosophie\/","og_site_name":"Auctor Schwyz AG","article_modified_time":"2024-10-02T06:20:36+00:00","twitter_card":"summary_large_image","twitter_misc":{"Est. reading time":"2 minutes"},"schema":{"@context":"https:\/\/schema.org","@graph":[{"@type":"WebPage","@id":"https:\/\/auctor.ch\/philosophie\/","url":"https:\/\/auctor.ch\/philosophie\/","name":"Philosophie - Auctor Schwyz AG","isPartOf":{"@id":"https:\/\/auctor.ch\/#website"},"datePublished":"2024-09-24T07:21:20+00:00","dateModified":"2024-10-02T06:20:36+00:00","description":"F\u00fcr internationale und schweizerische Unternehmen, Institute und Privatpersonen gibt es verschiedene Gr\u00fcnde, die Dienstleistungen eines Treuhand- oder Rechtsberaters, einer Verwaltung oder einer Vertretung in der Schweiz, insbesondere im Kanton Schwyz und in Wollerau in Anspruch zu nehmen","breadcrumb":{"@id":"https:\/\/auctor.ch\/philosophie\/#breadcrumb"},"inLanguage":"fr-FR","potentialAction":[{"@type":"ReadAction","target":["https:\/\/auctor.ch\/philosophie\/"]}]},{"@type":"BreadcrumbList","@id":"https:\/\/auctor.ch\/philosophie\/#breadcrumb","itemListElement":[{"@type":"ListItem","position":1,"name":"Startseite","item":"https:\/\/auctor.ch\/"},{"@type":"ListItem","position":2,"name":"Philosophie"}]},{"@type":"WebSite","@id":"https:\/\/auctor.ch\/#website","url":"https:\/\/auctor.ch\/","name":"Auctor Schwyz AG","description":"Steuerberatung, Firmengr\u00fcndung, Buchf\u00fchrung in Wollerau und Schwyz","publisher":{"@id":"https:\/\/auctor.ch\/#organization"},"potentialAction":[{"@type":"SearchAction","target":{"@type":"EntryPoint","urlTemplate":"https:\/\/auctor.ch\/?s={search_term_string}"},"query-input":{"@type":"PropertyValueSpecification","valueRequired":true,"valueName":"search_term_string"}}],"inLanguage":"fr-FR"},{"@type":"Organization","@id":"https:\/\/auctor.ch\/#organization","name":"Auctor Schwyz AG","url":"https:\/\/auctor.ch\/","logo":{"@type":"ImageObject","inLanguage":"fr-FR","@id":"https:\/\/auctor.ch\/#\/schema\/logo\/image\/","url":"https:\/\/auctor.ch\/wp-content\/uploads\/2024\/08\/Logo.png","contentUrl":"https:\/\/auctor.ch\/wp-content\/uploads\/2024\/08\/Logo.png","width":198,"height":207,"caption":"Auctor Schwyz AG"},"image":{"@id":"https:\/\/auctor.ch\/#\/schema\/logo\/image\/"}}]}},"_links":{"self":[{"href":"https:\/\/auctor.ch\/fr\/wp-json\/wp\/v2\/pages\/2185","targetHints":{"allow":["GET"]}}],"collection":[{"href":"https:\/\/auctor.ch\/fr\/wp-json\/wp\/v2\/pages"}],"about":[{"href":"https:\/\/auctor.ch\/fr\/wp-json\/wp\/v2\/types\/page"}],"author":[{"embeddable":true,"href":"https:\/\/auctor.ch\/fr\/wp-json\/wp\/v2\/users\/1"}],"replies":[{"embeddable":true,"href":"https:\/\/auctor.ch\/fr\/wp-json\/wp\/v2\/comments?post=2185"}],"version-history":[{"count":27,"href":"https:\/\/auctor.ch\/fr\/wp-json\/wp\/v2\/pages\/2185\/revisions"}],"predecessor-version":[{"id":2758,"href":"https:\/\/auctor.ch\/fr\/wp-json\/wp\/v2\/pages\/2185\/revisions\/2758"}],"wp:attachment":[{"href":"https:\/\/auctor.ch\/fr\/wp-json\/wp\/v2\/media?parent=2185"}],"curies":[{"name":"wp","href":"https:\/\/api.w.org\/{rel}","templated":true}]}}