{"id":2103,"date":"2024-09-24T08:54:19","date_gmt":"2024-09-24T06:54:19","guid":{"rendered":"https:\/\/cms-webdesign.ch\/auctor\/?page_id=2103"},"modified":"2024-10-25T09:19:26","modified_gmt":"2024-10-25T07:19:26","slug":"certification","status":"publish","type":"page","link":"https:\/\/auctor.ch\/fr\/certification\/","title":{"rendered":"Formation enterprise \/ Actes authentiques"},"content":{"rendered":"<div data-elementor-type=\"wp-page\" data-elementor-id=\"2103\" class=\"elementor elementor-2103\" data-elementor-post-type=\"page\">\n\t\t\t\t<div data-particle_enable=\"false\" data-particle-mobile-disabled=\"false\" class=\"elementor-element elementor-element-3e5c029 e-flex e-con-boxed e-con e-parent\" data-id=\"3e5c029\" data-element_type=\"container\" id=\"home\" data-settings=\"{&quot;background_background&quot;:&quot;classic&quot;}\">\n\t\t\t\t\t<div class=\"e-con-inner\">\n\t\t\t\t<div class=\"elementor-element elementor-element-faade83 elementor-widget__width-initial animated-slow elementor-invisible elementor-widget elementor-widget-heading\" data-id=\"faade83\" data-element_type=\"widget\" data-settings=\"{&quot;_animation&quot;:&quot;fadeInDown&quot;}\" data-widget_type=\"heading.default\">\n\t\t\t\t\t\t<div class=\"elementor-widget-container\">\n\t\t\t\t\t<h1 class=\"elementor-heading-title elementor-size-default\">Formation enterprise \/ <\/br>Actes authentiques<\/h1>\t\t\t\t<\/div>\n\t\t\t\t<\/div>\n\t\t\t\t\t<\/div>\n\t\t\t\t<\/div>\n\t\t<div data-particle_enable=\"false\" data-particle-mobile-disabled=\"false\" class=\"elementor-element elementor-element-01840ff e-flex e-con-boxed e-con e-parent\" data-id=\"01840ff\" data-element_type=\"container\">\n\t\t\t\t\t<div class=\"e-con-inner\">\n\t\t<div data-particle_enable=\"false\" data-particle-mobile-disabled=\"false\" class=\"elementor-element elementor-element-743c8f4 e-con-full elementor-hidden-tablet elementor-hidden-mobile e-flex e-con e-child\" data-id=\"743c8f4\" data-element_type=\"container\">\n\t\t\t\t<div class=\"elementor-element elementor-element-a02817c eael-hamburger--none eael_simple_menu_hamburger_disable_selected_menu_no eael-simple-menu-hamburger-align-right elementor-widget elementor-widget-eael-simple-menu\" data-id=\"a02817c\" data-element_type=\"widget\" data-widget_type=\"eael-simple-menu.default\">\n\t\t\t\t\t\t<div class=\"elementor-widget-container\">\n\t\t\t\t\t            <div data-hamburger-icon=\"&lt;svg aria-hidden=&quot;true&quot; class=&quot;e-font-icon-svg e-fas-bars&quot; viewBox=&quot;0 0 448 512&quot; xmlns=&quot;http:\/\/www.w3.org\/2000\/svg&quot;&gt;&lt;path d=&quot;M16 132h416c8.837 0 16-7.163 16-16V76c0-8.837-7.163-16-16-16H16C7.163 60 0 67.163 0 76v40c0 8.837 7.163 16 16 16zm0 160h416c8.837 0 16-7.163 16-16v-40c0-8.837-7.163-16-16-16H16c-8.837 0-16 7.163-16 16v40c0 8.837 7.163 16 16 16zm0 160h416c8.837 0 16-7.163 16-16v-40c0-8.837-7.163-16-16-16H16c-8.837 0-16 7.163-16 16v40c0 8.837 7.163 16 16 16z&quot;&gt;&lt;\/path&gt;&lt;\/svg&gt;\" data-indicator-icon=\"&lt;svg aria-hidden=&quot;true&quot; class=&quot;e-font-icon-svg e-fas-angle-down&quot; viewBox=&quot;0 0 320 512&quot; xmlns=&quot;http:\/\/www.w3.org\/2000\/svg&quot;&gt;&lt;path d=&quot;M143 352.3L7 216.3c-9.4-9.4-9.4-24.6 0-33.9l22.6-22.6c9.4-9.4 24.6-9.4 33.9 0l96.4 96.4 96.4-96.4c9.4-9.4 24.6-9.4 33.9 0l22.6 22.6c9.4 9.4 9.4 24.6 0 33.9l-136 136c-9.2 9.4-24.4 9.4-33.8 0z&quot;&gt;&lt;\/path&gt;&lt;\/svg&gt;\" data-dropdown-indicator-icon=\"&lt;svg class=&quot;e-font-icon-svg e-fas-angle-down&quot; viewBox=&quot;0 0 320 512&quot; xmlns=&quot;http:\/\/www.w3.org\/2000\/svg&quot;&gt;&lt;path d=&quot;M143 352.3L7 216.3c-9.4-9.4-9.4-24.6 0-33.9l22.6-22.6c9.4-9.4 24.6-9.4 33.9 0l96.4 96.4 96.4-96.4c9.4-9.4 24.6-9.4 33.9 0l22.6 22.6c9.4 9.4 9.4 24.6 0 33.9l-136 136c-9.2 9.4-24.4 9.4-33.8 0z&quot;&gt;&lt;\/path&gt;&lt;\/svg&gt;\" class=\"eael-simple-menu-container eael-simple-menu-align-left eael-simple-menu-dropdown-align-left preset-1\" data-hamburger-breakpoints=\"{&quot;mobile&quot;:&quot;Mobile Portrait (&gt; 767px)&quot;,&quot;tablet&quot;:&quot;Tablet Portrait (&gt; 1024px)&quot;,&quot;desktop&quot;:&quot;Desktop (&gt; 2400px)&quot;,&quot;none&quot;:&quot;None&quot;}\" data-hamburger-device=\"none\">\n                <ul id=\"menu-vertical-menu\" class=\"eael-simple-menu eael-simple-menu-dropdown-animate-to-top eael-simple-menu-indicator eael-simple-menu-vertical\"><li id=\"menu-item-2111\" class=\"menu-item menu-item-type-post_type menu-item-object-page menu-item-2111\"><a href=\"https:\/\/auctor.ch\/fr\/finance-et-comptabilite\/\" class=\"menu-link\">Finance et comptabilit\u00e9<\/a><\/li>\n<li id=\"menu-item-2112\" class=\"menu-item menu-item-type-post_type menu-item-object-page menu-item-2112\"><a href=\"https:\/\/auctor.ch\/fr\/conseil-aux-entreprises\/\" class=\"menu-link\">Conseil aux entreprises<\/a><\/li>\n<li id=\"menu-item-2123\" class=\"menu-item menu-item-type-post_type menu-item-object-page menu-item-2123\"><a href=\"https:\/\/auctor.ch\/fr\/revision-de-lexamen-deconomie\/\" class=\"menu-link\">V\u00e9rification des comptes \/ R\u00e9visions<\/a><\/li>\n<li id=\"menu-item-2124\" class=\"menu-item menu-item-type-post_type menu-item-object-page menu-item-2124\"><a href=\"https:\/\/auctor.ch\/fr\/mandats-fiduciaires-et-domiciliations\/\" class=\"menu-link\">Mandats fiduciaires et domiciliations<\/a><\/li>\n<li id=\"menu-item-2125\" class=\"menu-item menu-item-type-post_type menu-item-object-page menu-item-2125\"><a href=\"https:\/\/auctor.ch\/fr\/conseil-en-prevoyance-professionnelle\/\" class=\"menu-link\">Conseil en mati\u00e8re de pr\u00e9voyance en faveur du personnel<\/a><\/li>\n<li id=\"menu-item-2126\" class=\"menu-item menu-item-type-post_type menu-item-object-page menu-item-2126\"><a href=\"https:\/\/auctor.ch\/fr\/conseil-fiscal\/\" class=\"menu-link\">Conseil fiscal Schwyz et Wollerau<\/a><\/li>\n<li id=\"menu-item-2127\" class=\"menu-item menu-item-type-post_type menu-item-object-page menu-item-2127\"><a href=\"https:\/\/auctor.ch\/fr\/conseil-en-matiere-de-tva\/\" class=\"menu-link\">Conseil en mati\u00e8re de TVA<\/a><\/li>\n<li id=\"menu-item-2128\" class=\"menu-item menu-item-type-post_type menu-item-object-page menu-item-2128\"><a href=\"https:\/\/auctor.ch\/fr\/conseil-juridique\/\" class=\"menu-link\">Conseil juridique<\/a><\/li>\n<li id=\"menu-item-2129\" class=\"menu-item menu-item-type-post_type menu-item-object-page menu-item-2129\"><a href=\"https:\/\/auctor.ch\/fr\/certification\/\" class=\"menu-link\">Cr\u00e9ation d'enterprise \/ Actes authentiques<\/a><\/li>\n<\/ul>                <button class=\"eael-simple-menu-toggle\">\n                    <span class=\"sr-only\">Hamburger Toggle Menu<\/span>\n                    <svg aria-hidden=\"true\" class=\"e-font-icon-svg e-fas-bars\" viewbox=\"0 0 448 512\" xmlns=\"http:\/\/www.w3.org\/2000\/svg\"><path d=\"M16 132h416c8.837 0 16-7.163 16-16V76c0-8.837-7.163-16-16-16H16C7.163 60 0 67.163 0 76v40c0 8.837 7.163 16 16 16zm0 160h416c8.837 0 16-7.163 16-16v-40c0-8.837-7.163-16-16-16H16c-8.837 0-16 7.163-16 16v40c0 8.837 7.163 16 16 16zm0 160h416c8.837 0 16-7.163 16-16v-40c0-8.837-7.163-16-16-16H16c-8.837 0-16 7.163-16 16v40c0 8.837 7.163 16 16 16z\"><\/path><\/svg>                <\/button>\n            <\/div>\n            \t\t\t\t<\/div>\n\t\t\t\t<\/div>\n\t\t\t\t<\/div>\n\t\t<div data-particle_enable=\"false\" data-particle-mobile-disabled=\"false\" class=\"elementor-element elementor-element-b00df25 e-con-full e-flex e-con e-child\" data-id=\"b00df25\" data-element_type=\"container\">\n\t\t\t\t<div class=\"elementor-element elementor-element-d101b6c elementor-widget-divider--view-line elementor-widget elementor-widget-divider\" data-id=\"d101b6c\" data-element_type=\"widget\" data-widget_type=\"divider.default\">\n\t\t\t\t\t\t<div class=\"elementor-widget-container\">\n\t\t\t\t\t\t\t<div class=\"elementor-divider\">\n\t\t\t<span class=\"elementor-divider-separator\">\n\t\t\t\t\t\t<\/span>\n\t\t<\/div>\n\t\t\t\t\t\t<\/div>\n\t\t\t\t<\/div>\n\t\t\t\t<div class=\"elementor-element elementor-element-825871c elementor-widget elementor-widget-heading\" data-id=\"825871c\" data-element_type=\"widget\" data-widget_type=\"heading.default\">\n\t\t\t\t\t\t<div class=\"elementor-widget-container\">\n\t\t\t\t\t<h1 class=\"elementor-heading-title elementor-size-default\">Cr\u00e9ation d'enterprise \/ Actes authentiques <\/h1>\t\t\t\t<\/div>\n\t\t\t\t<\/div>\n\t\t\t\t<div class=\"elementor-element elementor-element-426f542 elementor-widget-divider--view-line elementor-widget elementor-widget-divider\" data-id=\"426f542\" data-element_type=\"widget\" data-widget_type=\"divider.default\">\n\t\t\t\t\t\t<div class=\"elementor-widget-container\">\n\t\t\t\t\t\t\t<div class=\"elementor-divider\">\n\t\t\t<span class=\"elementor-divider-separator\">\n\t\t\t\t\t\t<\/span>\n\t\t<\/div>\n\t\t\t\t\t\t<\/div>\n\t\t\t\t<\/div>\n\t\t\t\t<div class=\"elementor-element elementor-element-2a48ebd elementor-widget elementor-widget-heading\" data-id=\"2a48ebd\" data-element_type=\"widget\" data-widget_type=\"heading.default\">\n\t\t\t\t\t\t<div class=\"elementor-widget-container\">\n\t\t\t\t\t<p class=\"elementor-heading-title elementor-size-default\">AUCTOR SCHWYZ AG propose la cr\u00e9ation de soci\u00e9t\u00e9s pour des entreprises internationales et suisses ainsi que pour des particuliers dans les domaines suivants :<\/p>\t\t\t\t<\/div>\n\t\t\t\t<\/div>\n\t\t\t\t<div class=\"elementor-element elementor-element-936db9f elementor-widget elementor-widget-text-editor\" data-id=\"936db9f\" data-element_type=\"widget\" data-widget_type=\"text-editor.default\">\n\t\t\t\t\t\t<div class=\"elementor-widget-container\">\n\t\t\t\t\t\t\t\t\t<ul><li>Pr\u00e9paration et \u00e9laboration d\u2019actes authentiques dans le domaine du droit des soci\u00e9t\u00e9s<\/li><li>cr\u00e9ation d'entreprise<\/li><li>Modification des statuts, fusions, acquisitions etc.<\/li><li>Pr\u00e9paration et \u00e9laboration d\u2019actes authentiques dans le domaine du droit des fondations<\/li><li>Cr\u00e9ation de fondations et d\u2019institutions de pr\u00e9voyance en faveur du personnel<\/li><li>Pr\u00e9paration et \u00e9laboration d\u2019actes authentiques dans le domaine du droit des r\u00e9gimes matrimoniaux et du droit successoral<\/li><li>Contrats de mariage<\/li><li>Pactes successoraux, testaments<\/li><li>\u00c9tablissement d\u2019actes asserment\u00e9s<\/li><li>Copies<\/li><li>Signatures<\/li><li>Pr\u00e9paration et conseil dans le domaine des transactions immobili\u00e8res<\/li><li>Acquisitions et cessions<\/li><li>Servitudes<\/li><li>Droit hypoth\u00e9caire<\/li><\/ul>\t\t\t\t\t\t\t\t<\/div>\n\t\t\t\t<\/div>\n\t\t\t\t<\/div>\n\t\t\t\t\t<\/div>\n\t\t\t\t<\/div>\n\t\t\t\t<\/div>","protected":false},"excerpt":{"rendered":"<p>Firmengr\u00fcndung \u2013 Beurkundung \u200b Finanz- und Rechnungswesen Unternehmensberatung Wirtschaftspr\u00fcfung \/ Revisionen Treuhandmandate und Domizile Personalvorsorgeberatung Steuerberatung Mehrwertsteuerberatung Rechtsberatung Firmengr\u00fcndung \u2013 Beurkundung Humberger Toggle Menu Firmengr\u00fcndung \u2013 Beurkundung Die AUCTOR SCHWYZ AG bietet Firmengr\u00fcndungen f\u00fcr internationale und schweizerische Unternehmen und Privatpersonen in folgenden Bereichen: Vorbereitung und Beurkundung im Gesellschaftsrecht Firmengr\u00fcndung Statuten\u00e4nderungen, Fusionen, Akquisitionen etc Vorbereitung und [&hellip;]<\/p>","protected":false},"author":1,"featured_media":0,"parent":0,"menu_order":0,"comment_status":"closed","ping_status":"closed","template":"","meta":{"site-sidebar-layout":"no-sidebar","site-content-layout":"page-builder","ast-site-content-layout":"full-width-container","site-content-style":"unboxed","site-sidebar-style":"unboxed","ast-global-header-display":"","ast-banner-title-visibility":"","ast-main-header-display":"","ast-hfb-above-header-display":"","ast-hfb-below-header-display":"","ast-hfb-mobile-header-display":"","site-post-title":"disabled","ast-breadcrumbs-content":"disabled","ast-featured-img":"disabled","footer-sml-layout":"","theme-transparent-header-meta":"default","adv-header-id-meta":"","stick-header-meta":"","header-above-stick-meta":"","header-main-stick-meta":"","header-below-stick-meta":"","astra-migrate-meta-layouts":"set","ast-page-background-enabled":"default","ast-page-background-meta":{"desktop":{"background-color":"","background-image":"","background-repeat":"repeat","background-position":"center center","background-size":"auto","background-attachment":"scroll","background-type":"","background-media":"","overlay-type":"","overlay-color":"","overlay-opacity":"","overlay-gradient":""},"tablet":{"background-color":"","background-image":"","background-repeat":"repeat","background-position":"center center","background-size":"auto","background-attachment":"scroll","background-type":"","background-media":"","overlay-type":"","overlay-color":"","overlay-opacity":"","overlay-gradient":""},"mobile":{"background-color":"","background-image":"","background-repeat":"repeat","background-position":"center center","background-size":"auto","background-attachment":"scroll","background-type":"","background-media":"","overlay-type":"","overlay-color":"","overlay-opacity":"","overlay-gradient":""}},"ast-content-background-meta":{"desktop":{"background-color":"var(--ast-global-color-5)","background-image":"","background-repeat":"repeat","background-position":"center center","background-size":"auto","background-attachment":"scroll","background-type":"","background-media":"","overlay-type":"","overlay-color":"","overlay-opacity":"","overlay-gradient":""},"tablet":{"background-color":"var(--ast-global-color-5)","background-image":"","background-repeat":"repeat","background-position":"center center","background-size":"auto","background-attachment":"scroll","background-type":"","background-media":"","overlay-type":"","overlay-color":"","overlay-opacity":"","overlay-gradient":""},"mobile":{"background-color":"var(--ast-global-color-5)","background-image":"","background-repeat":"repeat","background-position":"center center","background-size":"auto","background-attachment":"scroll","background-type":"","background-media":"","overlay-type":"","overlay-color":"","overlay-opacity":"","overlay-gradient":""}},"footnotes":""},"class_list":["post-2103","page","type-page","status-publish","hentry"],"yoast_head":"<!-- This site is optimized with the Yoast SEO plugin v25.4 - https:\/\/yoast.com\/wordpress\/plugins\/seo\/ -->\n<title>Beurkundung<\/title>\n<meta name=\"description\" content=\"Die AUCTOR SCHWYZ AG bietet neben Firmengr\u00fcndungen und Statuten\u00e4nderungen auch Vertragsaufsetzungen, \u00dcbernahme von Verwaltungsratsmandate, wie auch die Gew\u00e4hrung von Domizilen\" \/>\n<meta name=\"robots\" content=\"index, follow, max-snippet:-1, max-image-preview:large, max-video-preview:-1\" \/>\n<link rel=\"canonical\" href=\"https:\/\/auctor.ch\/fr\/certification\/\" \/>\n<meta property=\"og:locale\" content=\"fr_FR\" \/>\n<meta property=\"og:type\" content=\"article\" \/>\n<meta property=\"og:title\" content=\"Firmengr\u00fcndung in der Schweiz\" \/>\n<meta property=\"og:description\" content=\"Die AUCTOR SCHWYZ AG bietet neben Firmengr\u00fcndungen und Statuten\u00e4nderungen auch Vertragsaufsetzungen, \u00dcbernahme von Verwaltungsratsmandate, wie auch die Gew\u00e4hrung von Domizilen\" \/>\n<meta property=\"og:url\" content=\"https:\/\/auctor.ch\/fr\/certification\/\" \/>\n<meta property=\"og:site_name\" content=\"Auctor Schwyz AG\" \/>\n<meta property=\"article:modified_time\" content=\"2024-10-25T07:19:26+00:00\" \/>\n<meta name=\"twitter:card\" content=\"summary_large_image\" \/>\n<meta name=\"twitter:label1\" content=\"Est. reading time\" \/>\n\t<meta name=\"twitter:data1\" content=\"1 minute\" \/>\n<script type=\"application\/ld+json\" class=\"yoast-schema-graph\">{\"@context\":\"https:\/\/schema.org\",\"@graph\":[{\"@type\":\"WebPage\",\"@id\":\"https:\/\/auctor.ch\/beurkundung\/\",\"url\":\"https:\/\/auctor.ch\/beurkundung\/\",\"name\":\"Beurkundung\",\"isPartOf\":{\"@id\":\"https:\/\/auctor.ch\/#website\"},\"datePublished\":\"2024-09-24T06:54:19+00:00\",\"dateModified\":\"2024-10-25T07:19:26+00:00\",\"description\":\"Die AUCTOR SCHWYZ AG bietet neben Firmengr\u00fcndungen und Statuten\u00e4nderungen auch Vertragsaufsetzungen, \u00dcbernahme von Verwaltungsratsmandate, wie auch die Gew\u00e4hrung von Domizilen\",\"breadcrumb\":{\"@id\":\"https:\/\/auctor.ch\/beurkundung\/#breadcrumb\"},\"inLanguage\":\"fr-FR\",\"potentialAction\":[{\"@type\":\"ReadAction\",\"target\":[\"https:\/\/auctor.ch\/beurkundung\/\"]}]},{\"@type\":\"BreadcrumbList\",\"@id\":\"https:\/\/auctor.ch\/beurkundung\/#breadcrumb\",\"itemListElement\":[{\"@type\":\"ListItem\",\"position\":1,\"name\":\"Startseite\",\"item\":\"https:\/\/auctor.ch\/\"},{\"@type\":\"ListItem\",\"position\":2,\"name\":\"Beurkundung\"}]},{\"@type\":\"WebSite\",\"@id\":\"https:\/\/auctor.ch\/#website\",\"url\":\"https:\/\/auctor.ch\/\",\"name\":\"Auctor Schwyz AG\",\"description\":\"Steuerberatung, Firmengr\u00fcndung, Buchf\u00fchrung in Wollerau und Schwyz\",\"publisher\":{\"@id\":\"https:\/\/auctor.ch\/#organization\"},\"potentialAction\":[{\"@type\":\"SearchAction\",\"target\":{\"@type\":\"EntryPoint\",\"urlTemplate\":\"https:\/\/auctor.ch\/?s={search_term_string}\"},\"query-input\":{\"@type\":\"PropertyValueSpecification\",\"valueRequired\":true,\"valueName\":\"search_term_string\"}}],\"inLanguage\":\"fr-FR\"},{\"@type\":\"Organization\",\"@id\":\"https:\/\/auctor.ch\/#organization\",\"name\":\"Auctor Schwyz AG\",\"url\":\"https:\/\/auctor.ch\/\",\"logo\":{\"@type\":\"ImageObject\",\"inLanguage\":\"fr-FR\",\"@id\":\"https:\/\/auctor.ch\/#\/schema\/logo\/image\/\",\"url\":\"https:\/\/auctor.ch\/wp-content\/uploads\/2024\/08\/Logo.png\",\"contentUrl\":\"https:\/\/auctor.ch\/wp-content\/uploads\/2024\/08\/Logo.png\",\"width\":198,\"height\":207,\"caption\":\"Auctor Schwyz AG\"},\"image\":{\"@id\":\"https:\/\/auctor.ch\/#\/schema\/logo\/image\/\"}}]}<\/script>\n<!-- \/ Yoast SEO plugin. -->","yoast_head_json":{"title":"Beurkundung","description":"Die AUCTOR SCHWYZ AG bietet neben Firmengr\u00fcndungen und Statuten\u00e4nderungen auch Vertragsaufsetzungen, \u00dcbernahme von Verwaltungsratsmandate, wie auch die Gew\u00e4hrung von Domizilen","robots":{"index":"index","follow":"follow","max-snippet":"max-snippet:-1","max-image-preview":"max-image-preview:large","max-video-preview":"max-video-preview:-1"},"canonical":"https:\/\/auctor.ch\/fr\/certification\/","og_locale":"fr_FR","og_type":"article","og_title":"Firmengr\u00fcndung in der Schweiz","og_description":"Die AUCTOR SCHWYZ AG bietet neben Firmengr\u00fcndungen und Statuten\u00e4nderungen auch Vertragsaufsetzungen, \u00dcbernahme von Verwaltungsratsmandate, wie auch die Gew\u00e4hrung von Domizilen","og_url":"https:\/\/auctor.ch\/fr\/certification\/","og_site_name":"Auctor Schwyz AG","article_modified_time":"2024-10-25T07:19:26+00:00","twitter_card":"summary_large_image","twitter_misc":{"Est. reading time":"1 minute"},"schema":{"@context":"https:\/\/schema.org","@graph":[{"@type":"WebPage","@id":"https:\/\/auctor.ch\/beurkundung\/","url":"https:\/\/auctor.ch\/beurkundung\/","name":"Beurkundung","isPartOf":{"@id":"https:\/\/auctor.ch\/#website"},"datePublished":"2024-09-24T06:54:19+00:00","dateModified":"2024-10-25T07:19:26+00:00","description":"Die AUCTOR SCHWYZ AG bietet neben Firmengr\u00fcndungen und Statuten\u00e4nderungen auch Vertragsaufsetzungen, \u00dcbernahme von Verwaltungsratsmandate, wie auch die Gew\u00e4hrung von Domizilen","breadcrumb":{"@id":"https:\/\/auctor.ch\/beurkundung\/#breadcrumb"},"inLanguage":"fr-FR","potentialAction":[{"@type":"ReadAction","target":["https:\/\/auctor.ch\/beurkundung\/"]}]},{"@type":"BreadcrumbList","@id":"https:\/\/auctor.ch\/beurkundung\/#breadcrumb","itemListElement":[{"@type":"ListItem","position":1,"name":"Startseite","item":"https:\/\/auctor.ch\/"},{"@type":"ListItem","position":2,"name":"Beurkundung"}]},{"@type":"WebSite","@id":"https:\/\/auctor.ch\/#website","url":"https:\/\/auctor.ch\/","name":"Auctor Schwyz AG","description":"Steuerberatung, Firmengr\u00fcndung, Buchf\u00fchrung in Wollerau und Schwyz","publisher":{"@id":"https:\/\/auctor.ch\/#organization"},"potentialAction":[{"@type":"SearchAction","target":{"@type":"EntryPoint","urlTemplate":"https:\/\/auctor.ch\/?s={search_term_string}"},"query-input":{"@type":"PropertyValueSpecification","valueRequired":true,"valueName":"search_term_string"}}],"inLanguage":"fr-FR"},{"@type":"Organization","@id":"https:\/\/auctor.ch\/#organization","name":"Auctor Schwyz AG","url":"https:\/\/auctor.ch\/","logo":{"@type":"ImageObject","inLanguage":"fr-FR","@id":"https:\/\/auctor.ch\/#\/schema\/logo\/image\/","url":"https:\/\/auctor.ch\/wp-content\/uploads\/2024\/08\/Logo.png","contentUrl":"https:\/\/auctor.ch\/wp-content\/uploads\/2024\/08\/Logo.png","width":198,"height":207,"caption":"Auctor Schwyz AG"},"image":{"@id":"https:\/\/auctor.ch\/#\/schema\/logo\/image\/"}}]}},"_links":{"self":[{"href":"https:\/\/auctor.ch\/fr\/wp-json\/wp\/v2\/pages\/2103","targetHints":{"allow":["GET"]}}],"collection":[{"href":"https:\/\/auctor.ch\/fr\/wp-json\/wp\/v2\/pages"}],"about":[{"href":"https:\/\/auctor.ch\/fr\/wp-json\/wp\/v2\/types\/page"}],"author":[{"embeddable":true,"href":"https:\/\/auctor.ch\/fr\/wp-json\/wp\/v2\/users\/1"}],"replies":[{"embeddable":true,"href":"https:\/\/auctor.ch\/fr\/wp-json\/wp\/v2\/comments?post=2103"}],"version-history":[{"count":42,"href":"https:\/\/auctor.ch\/fr\/wp-json\/wp\/v2\/pages\/2103\/revisions"}],"predecessor-version":[{"id":2934,"href":"https:\/\/auctor.ch\/fr\/wp-json\/wp\/v2\/pages\/2103\/revisions\/2934"}],"wp:attachment":[{"href":"https:\/\/auctor.ch\/fr\/wp-json\/wp\/v2\/media?parent=2103"}],"curies":[{"name":"wp","href":"https:\/\/api.w.org\/{rel}","templated":true}]}}