{"id":2051,"date":"2024-09-24T07:46:58","date_gmt":"2024-09-24T05:46:58","guid":{"rendered":"https:\/\/cms-webdesign.ch\/auctor\/?page_id=2051"},"modified":"2024-10-07T09:08:56","modified_gmt":"2024-10-07T07:08:56","slug":"fiduciary-mandates-and-domiciles","status":"publish","type":"page","link":"https:\/\/auctor.ch\/en\/fiduciary-mandates-and-domiciles\/","title":{"rendered":"Fiduciary Trust and Domiciles"},"content":{"rendered":"<div data-elementor-type=\"wp-page\" data-elementor-id=\"2051\" class=\"elementor elementor-2051\" data-elementor-post-type=\"page\">\n\t\t\t\t<div data-particle_enable=\"false\" data-particle-mobile-disabled=\"false\" class=\"elementor-element elementor-element-3e5c029 e-flex e-con-boxed e-con e-parent\" data-id=\"3e5c029\" data-element_type=\"container\" id=\"home\" data-settings=\"{&quot;background_background&quot;:&quot;classic&quot;}\">\n\t\t\t\t\t<div class=\"e-con-inner\">\n\t\t\t\t<div class=\"elementor-element elementor-element-faade83 elementor-widget__width-initial animated-slow elementor-invisible elementor-widget elementor-widget-heading\" data-id=\"faade83\" data-element_type=\"widget\" data-settings=\"{&quot;_animation&quot;:&quot;fadeInDown&quot;}\" data-widget_type=\"heading.default\">\n\t\t\t\t\t\t<div class=\"elementor-widget-container\">\n\t\t\t\t\t<h1 class=\"elementor-heading-title elementor-size-default\">Fiduciary Trust and Domiciles<\/h1>\t\t\t\t<\/div>\n\t\t\t\t<\/div>\n\t\t\t\t\t<\/div>\n\t\t\t\t<\/div>\n\t\t<div data-particle_enable=\"false\" data-particle-mobile-disabled=\"false\" class=\"elementor-element elementor-element-01840ff e-flex e-con-boxed e-con e-parent\" data-id=\"01840ff\" data-element_type=\"container\">\n\t\t\t\t\t<div class=\"e-con-inner\">\n\t\t<div data-particle_enable=\"false\" data-particle-mobile-disabled=\"false\" class=\"elementor-element elementor-element-83cef82 e-con-full elementor-hidden-tablet elementor-hidden-mobile e-flex e-con e-child\" data-id=\"83cef82\" data-element_type=\"container\">\n\t\t\t\t<div class=\"elementor-element elementor-element-081c993 eael-hamburger--none eael_simple_menu_hamburger_disable_selected_menu_no eael-simple-menu-hamburger-align-right elementor-widget elementor-widget-eael-simple-menu\" data-id=\"081c993\" data-element_type=\"widget\" data-widget_type=\"eael-simple-menu.default\">\n\t\t\t\t\t\t<div class=\"elementor-widget-container\">\n\t\t\t\t\t            <div data-hamburger-icon=\"&lt;svg aria-hidden=&quot;true&quot; class=&quot;e-font-icon-svg e-fas-bars&quot; viewBox=&quot;0 0 448 512&quot; xmlns=&quot;http:\/\/www.w3.org\/2000\/svg&quot;&gt;&lt;path d=&quot;M16 132h416c8.837 0 16-7.163 16-16V76c0-8.837-7.163-16-16-16H16C7.163 60 0 67.163 0 76v40c0 8.837 7.163 16 16 16zm0 160h416c8.837 0 16-7.163 16-16v-40c0-8.837-7.163-16-16-16H16c-8.837 0-16 7.163-16 16v40c0 8.837 7.163 16 16 16zm0 160h416c8.837 0 16-7.163 16-16v-40c0-8.837-7.163-16-16-16H16c-8.837 0-16 7.163-16 16v40c0 8.837 7.163 16 16 16z&quot;&gt;&lt;\/path&gt;&lt;\/svg&gt;\" data-indicator-icon=\"&lt;svg aria-hidden=&quot;true&quot; class=&quot;e-font-icon-svg e-fas-angle-down&quot; viewBox=&quot;0 0 320 512&quot; xmlns=&quot;http:\/\/www.w3.org\/2000\/svg&quot;&gt;&lt;path d=&quot;M143 352.3L7 216.3c-9.4-9.4-9.4-24.6 0-33.9l22.6-22.6c9.4-9.4 24.6-9.4 33.9 0l96.4 96.4 96.4-96.4c9.4-9.4 24.6-9.4 33.9 0l22.6 22.6c9.4 9.4 9.4 24.6 0 33.9l-136 136c-9.2 9.4-24.4 9.4-33.8 0z&quot;&gt;&lt;\/path&gt;&lt;\/svg&gt;\" data-dropdown-indicator-icon=\"&lt;svg class=&quot;e-font-icon-svg e-fas-angle-down&quot; viewBox=&quot;0 0 320 512&quot; xmlns=&quot;http:\/\/www.w3.org\/2000\/svg&quot;&gt;&lt;path d=&quot;M143 352.3L7 216.3c-9.4-9.4-9.4-24.6 0-33.9l22.6-22.6c9.4-9.4 24.6-9.4 33.9 0l96.4 96.4 96.4-96.4c9.4-9.4 24.6-9.4 33.9 0l22.6 22.6c9.4 9.4 9.4 24.6 0 33.9l-136 136c-9.2 9.4-24.4 9.4-33.8 0z&quot;&gt;&lt;\/path&gt;&lt;\/svg&gt;\" class=\"eael-simple-menu-container eael-simple-menu-align-left eael-simple-menu-dropdown-align-left preset-1\" data-hamburger-breakpoints=\"{&quot;mobile&quot;:&quot;Mobile Portrait (&gt; 767px)&quot;,&quot;tablet&quot;:&quot;Tablet Portrait (&gt; 1024px)&quot;,&quot;desktop&quot;:&quot;Desktop (&gt; 2400px)&quot;,&quot;none&quot;:&quot;None&quot;}\" data-hamburger-device=\"none\">\n                <ul id=\"menu-vertical-menu\" class=\"eael-simple-menu eael-simple-menu-dropdown-animate-to-top eael-simple-menu-indicator eael-simple-menu-vertical\"><li id=\"menu-item-2111\" class=\"menu-item menu-item-type-post_type menu-item-object-page menu-item-2111\"><a href=\"https:\/\/auctor.ch\/en\/finance-and-accounting\/\" class=\"menu-link\">Finance and accounting<\/a><\/li>\n<li id=\"menu-item-2112\" class=\"menu-item menu-item-type-post_type menu-item-object-page menu-item-2112\"><a href=\"https:\/\/auctor.ch\/en\/management-consultancy\/\" class=\"menu-link\">Business consulting<\/a><\/li>\n<li id=\"menu-item-2123\" class=\"menu-item menu-item-type-post_type menu-item-object-page menu-item-2123\"><a href=\"https:\/\/auctor.ch\/en\/auditing-audits\/\" class=\"menu-link\">Auditing<\/a><\/li>\n<li id=\"menu-item-2124\" class=\"menu-item menu-item-type-post_type menu-item-object-page menu-item-2124\"><a href=\"https:\/\/auctor.ch\/en\/fiduciary-mandates-and-domiciles\/\" class=\"menu-link\">Fiduciary Trust and Domiciles<\/a><\/li>\n<li id=\"menu-item-2125\" class=\"menu-item menu-item-type-post_type menu-item-object-page menu-item-2125\"><a href=\"https:\/\/auctor.ch\/en\/employee-benefits-counselling\/\" class=\"menu-link\">Employee pension consulting<\/a><\/li>\n<li id=\"menu-item-2126\" class=\"menu-item menu-item-type-post_type menu-item-object-page menu-item-2126\"><a href=\"https:\/\/auctor.ch\/en\/tax-consultancy\/\" class=\"menu-link\">Tax consultancy in Schwyz and Wollerau<\/a><\/li>\n<li id=\"menu-item-2127\" class=\"menu-item menu-item-type-post_type menu-item-object-page menu-item-2127\"><a href=\"https:\/\/auctor.ch\/en\/vat-consulting\/\" class=\"menu-link\">Value addad tax (VAT) advice<\/a><\/li>\n<li id=\"menu-item-2128\" class=\"menu-item menu-item-type-post_type menu-item-object-page menu-item-2128\"><a href=\"https:\/\/auctor.ch\/en\/legal-advice\/\" class=\"menu-link\">Legal Consulting<\/a><\/li>\n<li id=\"menu-item-2129\" class=\"menu-item menu-item-type-post_type menu-item-object-page menu-item-2129\"><a href=\"https:\/\/auctor.ch\/en\/notarisation\/\" class=\"menu-link\">Company formation \/ Notary public<\/a><\/li>\n<\/ul>                <button class=\"eael-simple-menu-toggle\">\n                    <span class=\"sr-only\">Hamburger Toggle Menu<\/span>\n                    <svg aria-hidden=\"true\" class=\"e-font-icon-svg e-fas-bars\" viewbox=\"0 0 448 512\" xmlns=\"http:\/\/www.w3.org\/2000\/svg\"><path d=\"M16 132h416c8.837 0 16-7.163 16-16V76c0-8.837-7.163-16-16-16H16C7.163 60 0 67.163 0 76v40c0 8.837 7.163 16 16 16zm0 160h416c8.837 0 16-7.163 16-16v-40c0-8.837-7.163-16-16-16H16c-8.837 0-16 7.163-16 16v40c0 8.837 7.163 16 16 16zm0 160h416c8.837 0 16-7.163 16-16v-40c0-8.837-7.163-16-16-16H16c-8.837 0-16 7.163-16 16v40c0 8.837 7.163 16 16 16z\"><\/path><\/svg>                <\/button>\n            <\/div>\n            \t\t\t\t<\/div>\n\t\t\t\t<\/div>\n\t\t\t\t<\/div>\n\t\t<div data-particle_enable=\"false\" data-particle-mobile-disabled=\"false\" class=\"elementor-element elementor-element-b00df25 e-con-full e-flex e-con e-child\" data-id=\"b00df25\" data-element_type=\"container\">\n\t\t\t\t<div class=\"elementor-element elementor-element-d101b6c elementor-widget-divider--view-line elementor-widget elementor-widget-divider\" data-id=\"d101b6c\" data-element_type=\"widget\" data-widget_type=\"divider.default\">\n\t\t\t\t\t\t<div class=\"elementor-widget-container\">\n\t\t\t\t\t\t\t<div class=\"elementor-divider\">\n\t\t\t<span class=\"elementor-divider-separator\">\n\t\t\t\t\t\t<\/span>\n\t\t<\/div>\n\t\t\t\t\t\t<\/div>\n\t\t\t\t<\/div>\n\t\t\t\t<div class=\"elementor-element elementor-element-825871c elementor-widget elementor-widget-heading\" data-id=\"825871c\" data-element_type=\"widget\" data-widget_type=\"heading.default\">\n\t\t\t\t\t\t<div class=\"elementor-widget-container\">\n\t\t\t\t\t<h1 class=\"elementor-heading-title elementor-size-default\">Fiduciary Trust and Domiciles<\/h1>\t\t\t\t<\/div>\n\t\t\t\t<\/div>\n\t\t\t\t<div class=\"elementor-element elementor-element-426f542 elementor-widget-divider--view-line elementor-widget elementor-widget-divider\" data-id=\"426f542\" data-element_type=\"widget\" data-widget_type=\"divider.default\">\n\t\t\t\t\t\t<div class=\"elementor-widget-container\">\n\t\t\t\t\t\t\t<div class=\"elementor-divider\">\n\t\t\t<span class=\"elementor-divider-separator\">\n\t\t\t\t\t\t<\/span>\n\t\t<\/div>\n\t\t\t\t\t\t<\/div>\n\t\t\t\t<\/div>\n\t\t\t\t<div class=\"elementor-element elementor-element-2a48ebd elementor-widget elementor-widget-heading\" data-id=\"2a48ebd\" data-element_type=\"widget\" data-widget_type=\"heading.default\">\n\t\t\t\t\t\t<div class=\"elementor-widget-container\">\n\t\t\t\t\t<p class=\"elementor-heading-title elementor-size-default\">For international and Swiss businesses and individuals:<\/p>\t\t\t\t<\/div>\n\t\t\t\t<\/div>\n\t\t\t\t<div class=\"elementor-element elementor-element-936db9f elementor-widget elementor-widget-text-editor\" data-id=\"936db9f\" data-element_type=\"widget\" data-widget_type=\"text-editor.default\">\n\t\t\t\t\t\t<div class=\"elementor-widget-container\">\n\t\t\t\t\t\t\t\t\t<ul><li>Acquisition of domiciles<\/li><li>Organization of establishing company locations<\/li><li>Assumption of directorships<\/li><li>Assumption of interest representatives<\/li><li>Assumption of management mandates<\/li><li>Assumption of wills mandates<\/li><li>Running office services (secretariats)<\/li><\/ul>\t\t\t\t\t\t\t\t<\/div>\n\t\t\t\t<\/div>\n\t\t\t\t<\/div>\n\t\t\t\t\t<\/div>\n\t\t\t\t<\/div>\n\t\t\t\t<\/div>","protected":false},"excerpt":{"rendered":"<p>Finance and accounting Management consultancy Auditing \/ auditing Fiduciary mandates and domiciles Pension fund consultancy Tax consultancy VAT consultancy Legal advice Company formation - Notarisation Humberger Toggle Menu for international and Swiss companies and private individuals: Acquisition of domiciles Organisation of settlements Assumption of board of directors mandates Assumption of representation of interests Assumption of administrative mandates Assumption of executor mandates Management of office services (secretarial services)<\/p>","protected":false},"author":1,"featured_media":0,"parent":0,"menu_order":0,"comment_status":"closed","ping_status":"closed","template":"","meta":{"site-sidebar-layout":"no-sidebar","site-content-layout":"page-builder","ast-site-content-layout":"full-width-container","site-content-style":"unboxed","site-sidebar-style":"unboxed","ast-global-header-display":"","ast-banner-title-visibility":"","ast-main-header-display":"","ast-hfb-above-header-display":"","ast-hfb-below-header-display":"","ast-hfb-mobile-header-display":"","site-post-title":"disabled","ast-breadcrumbs-content":"disabled","ast-featured-img":"disabled","footer-sml-layout":"","theme-transparent-header-meta":"default","adv-header-id-meta":"","stick-header-meta":"","header-above-stick-meta":"","header-main-stick-meta":"","header-below-stick-meta":"","astra-migrate-meta-layouts":"set","ast-page-background-enabled":"default","ast-page-background-meta":{"desktop":{"background-color":"","background-image":"","background-repeat":"repeat","background-position":"center center","background-size":"auto","background-attachment":"scroll","background-type":"","background-media":"","overlay-type":"","overlay-color":"","overlay-opacity":"","overlay-gradient":""},"tablet":{"background-color":"","background-image":"","background-repeat":"repeat","background-position":"center center","background-size":"auto","background-attachment":"scroll","background-type":"","background-media":"","overlay-type":"","overlay-color":"","overlay-opacity":"","overlay-gradient":""},"mobile":{"background-color":"","background-image":"","background-repeat":"repeat","background-position":"center center","background-size":"auto","background-attachment":"scroll","background-type":"","background-media":"","overlay-type":"","overlay-color":"","overlay-opacity":"","overlay-gradient":""}},"ast-content-background-meta":{"desktop":{"background-color":"var(--ast-global-color-5)","background-image":"","background-repeat":"repeat","background-position":"center center","background-size":"auto","background-attachment":"scroll","background-type":"","background-media":"","overlay-type":"","overlay-color":"","overlay-opacity":"","overlay-gradient":""},"tablet":{"background-color":"var(--ast-global-color-5)","background-image":"","background-repeat":"repeat","background-position":"center center","background-size":"auto","background-attachment":"scroll","background-type":"","background-media":"","overlay-type":"","overlay-color":"","overlay-opacity":"","overlay-gradient":""},"mobile":{"background-color":"var(--ast-global-color-5)","background-image":"","background-repeat":"repeat","background-position":"center center","background-size":"auto","background-attachment":"scroll","background-type":"","background-media":"","overlay-type":"","overlay-color":"","overlay-opacity":"","overlay-gradient":""}},"footnotes":""},"class_list":["post-2051","page","type-page","status-publish","hentry"],"yoast_head":"<!-- This site is optimized with the Yoast SEO plugin v25.4 - https:\/\/yoast.com\/wordpress\/plugins\/seo\/ -->\n<title>Treuhandmandate und Domizile - Auctor Schwyz AG<\/title>\n<meta name=\"description\" content=\"Die AUCTOR SCHWYZ AG \u00fcbernimmt treuh\u00e4nderische T\u00e4tigkeiten, offeriert Domiziladressen und f\u00fchrt B\u00fcrodienste aus.\" \/>\n<meta name=\"robots\" content=\"index, follow, max-snippet:-1, max-image-preview:large, max-video-preview:-1\" \/>\n<link rel=\"canonical\" href=\"https:\/\/auctor.ch\/en\/fiduciary-mandates-and-domiciles\/\" \/>\n<meta property=\"og:locale\" content=\"en_GB\" \/>\n<meta property=\"og:type\" content=\"article\" \/>\n<meta property=\"og:title\" content=\"Treuhandmandate und Domizile - Auctor Schwyz AG\" \/>\n<meta property=\"og:description\" content=\"Die AUCTOR SCHWYZ AG \u00fcbernimmt treuh\u00e4nderische T\u00e4tigkeiten, offeriert Domiziladressen und f\u00fchrt B\u00fcrodienste aus.\" \/>\n<meta property=\"og:url\" content=\"https:\/\/auctor.ch\/en\/fiduciary-mandates-and-domiciles\/\" \/>\n<meta property=\"og:site_name\" content=\"Auctor Schwyz AG\" \/>\n<meta property=\"article:modified_time\" content=\"2024-10-07T07:08:56+00:00\" \/>\n<meta name=\"twitter:card\" content=\"summary_large_image\" \/>\n<meta name=\"twitter:label1\" content=\"Est. reading time\" \/>\n\t<meta name=\"twitter:data1\" content=\"1 minute\" \/>\n<script type=\"application\/ld+json\" class=\"yoast-schema-graph\">{\"@context\":\"https:\/\/schema.org\",\"@graph\":[{\"@type\":\"WebPage\",\"@id\":\"https:\/\/auctor.ch\/treuhandmandate-und-domizile\/\",\"url\":\"https:\/\/auctor.ch\/treuhandmandate-und-domizile\/\",\"name\":\"Treuhandmandate und Domizile - Auctor Schwyz AG\",\"isPartOf\":{\"@id\":\"https:\/\/auctor.ch\/#website\"},\"datePublished\":\"2024-09-24T05:46:58+00:00\",\"dateModified\":\"2024-10-07T07:08:56+00:00\",\"description\":\"Die AUCTOR SCHWYZ AG \u00fcbernimmt treuh\u00e4nderische T\u00e4tigkeiten, offeriert Domiziladressen und f\u00fchrt B\u00fcrodienste aus.\",\"breadcrumb\":{\"@id\":\"https:\/\/auctor.ch\/treuhandmandate-und-domizile\/#breadcrumb\"},\"inLanguage\":\"en-GB\",\"potentialAction\":[{\"@type\":\"ReadAction\",\"target\":[\"https:\/\/auctor.ch\/treuhandmandate-und-domizile\/\"]}]},{\"@type\":\"BreadcrumbList\",\"@id\":\"https:\/\/auctor.ch\/treuhandmandate-und-domizile\/#breadcrumb\",\"itemListElement\":[{\"@type\":\"ListItem\",\"position\":1,\"name\":\"Startseite\",\"item\":\"https:\/\/auctor.ch\/\"},{\"@type\":\"ListItem\",\"position\":2,\"name\":\"Treuhandmandate und Domizile\"}]},{\"@type\":\"WebSite\",\"@id\":\"https:\/\/auctor.ch\/#website\",\"url\":\"https:\/\/auctor.ch\/\",\"name\":\"Auctor Schwyz AG\",\"description\":\"Steuerberatung, Firmengr\u00fcndung, Buchf\u00fchrung in Wollerau und Schwyz\",\"publisher\":{\"@id\":\"https:\/\/auctor.ch\/#organization\"},\"potentialAction\":[{\"@type\":\"SearchAction\",\"target\":{\"@type\":\"EntryPoint\",\"urlTemplate\":\"https:\/\/auctor.ch\/?s={search_term_string}\"},\"query-input\":{\"@type\":\"PropertyValueSpecification\",\"valueRequired\":true,\"valueName\":\"search_term_string\"}}],\"inLanguage\":\"en-GB\"},{\"@type\":\"Organization\",\"@id\":\"https:\/\/auctor.ch\/#organization\",\"name\":\"Auctor Schwyz AG\",\"url\":\"https:\/\/auctor.ch\/\",\"logo\":{\"@type\":\"ImageObject\",\"inLanguage\":\"en-GB\",\"@id\":\"https:\/\/auctor.ch\/#\/schema\/logo\/image\/\",\"url\":\"https:\/\/auctor.ch\/wp-content\/uploads\/2024\/08\/Logo.png\",\"contentUrl\":\"https:\/\/auctor.ch\/wp-content\/uploads\/2024\/08\/Logo.png\",\"width\":198,\"height\":207,\"caption\":\"Auctor Schwyz AG\"},\"image\":{\"@id\":\"https:\/\/auctor.ch\/#\/schema\/logo\/image\/\"}}]}<\/script>\n<!-- \/ Yoast SEO plugin. -->","yoast_head_json":{"title":"Treuhandmandate und Domizile - Auctor Schwyz AG","description":"Die AUCTOR SCHWYZ AG \u00fcbernimmt treuh\u00e4nderische T\u00e4tigkeiten, offeriert Domiziladressen und f\u00fchrt B\u00fcrodienste aus.","robots":{"index":"index","follow":"follow","max-snippet":"max-snippet:-1","max-image-preview":"max-image-preview:large","max-video-preview":"max-video-preview:-1"},"canonical":"https:\/\/auctor.ch\/en\/fiduciary-mandates-and-domiciles\/","og_locale":"en_GB","og_type":"article","og_title":"Treuhandmandate und Domizile - Auctor Schwyz AG","og_description":"Die AUCTOR SCHWYZ AG \u00fcbernimmt treuh\u00e4nderische T\u00e4tigkeiten, offeriert Domiziladressen und f\u00fchrt B\u00fcrodienste aus.","og_url":"https:\/\/auctor.ch\/en\/fiduciary-mandates-and-domiciles\/","og_site_name":"Auctor Schwyz AG","article_modified_time":"2024-10-07T07:08:56+00:00","twitter_card":"summary_large_image","twitter_misc":{"Est. reading time":"1 minute"},"schema":{"@context":"https:\/\/schema.org","@graph":[{"@type":"WebPage","@id":"https:\/\/auctor.ch\/treuhandmandate-und-domizile\/","url":"https:\/\/auctor.ch\/treuhandmandate-und-domizile\/","name":"Treuhandmandate und Domizile - Auctor Schwyz AG","isPartOf":{"@id":"https:\/\/auctor.ch\/#website"},"datePublished":"2024-09-24T05:46:58+00:00","dateModified":"2024-10-07T07:08:56+00:00","description":"Die AUCTOR SCHWYZ AG \u00fcbernimmt treuh\u00e4nderische T\u00e4tigkeiten, offeriert Domiziladressen und f\u00fchrt B\u00fcrodienste aus.","breadcrumb":{"@id":"https:\/\/auctor.ch\/treuhandmandate-und-domizile\/#breadcrumb"},"inLanguage":"en-GB","potentialAction":[{"@type":"ReadAction","target":["https:\/\/auctor.ch\/treuhandmandate-und-domizile\/"]}]},{"@type":"BreadcrumbList","@id":"https:\/\/auctor.ch\/treuhandmandate-und-domizile\/#breadcrumb","itemListElement":[{"@type":"ListItem","position":1,"name":"Startseite","item":"https:\/\/auctor.ch\/"},{"@type":"ListItem","position":2,"name":"Treuhandmandate und Domizile"}]},{"@type":"WebSite","@id":"https:\/\/auctor.ch\/#website","url":"https:\/\/auctor.ch\/","name":"Auctor Schwyz AG","description":"Steuerberatung, Firmengr\u00fcndung, Buchf\u00fchrung in Wollerau und Schwyz","publisher":{"@id":"https:\/\/auctor.ch\/#organization"},"potentialAction":[{"@type":"SearchAction","target":{"@type":"EntryPoint","urlTemplate":"https:\/\/auctor.ch\/?s={search_term_string}"},"query-input":{"@type":"PropertyValueSpecification","valueRequired":true,"valueName":"search_term_string"}}],"inLanguage":"en-GB"},{"@type":"Organization","@id":"https:\/\/auctor.ch\/#organization","name":"Auctor Schwyz AG","url":"https:\/\/auctor.ch\/","logo":{"@type":"ImageObject","inLanguage":"en-GB","@id":"https:\/\/auctor.ch\/#\/schema\/logo\/image\/","url":"https:\/\/auctor.ch\/wp-content\/uploads\/2024\/08\/Logo.png","contentUrl":"https:\/\/auctor.ch\/wp-content\/uploads\/2024\/08\/Logo.png","width":198,"height":207,"caption":"Auctor Schwyz AG"},"image":{"@id":"https:\/\/auctor.ch\/#\/schema\/logo\/image\/"}}]}},"_links":{"self":[{"href":"https:\/\/auctor.ch\/en\/wp-json\/wp\/v2\/pages\/2051","targetHints":{"allow":["GET"]}}],"collection":[{"href":"https:\/\/auctor.ch\/en\/wp-json\/wp\/v2\/pages"}],"about":[{"href":"https:\/\/auctor.ch\/en\/wp-json\/wp\/v2\/types\/page"}],"author":[{"embeddable":true,"href":"https:\/\/auctor.ch\/en\/wp-json\/wp\/v2\/users\/1"}],"replies":[{"embeddable":true,"href":"https:\/\/auctor.ch\/en\/wp-json\/wp\/v2\/comments?post=2051"}],"version-history":[{"count":15,"href":"https:\/\/auctor.ch\/en\/wp-json\/wp\/v2\/pages\/2051\/revisions"}],"predecessor-version":[{"id":2786,"href":"https:\/\/auctor.ch\/en\/wp-json\/wp\/v2\/pages\/2051\/revisions\/2786"}],"wp:attachment":[{"href":"https:\/\/auctor.ch\/en\/wp-json\/wp\/v2\/media?parent=2051"}],"curies":[{"name":"wp","href":"https:\/\/api.w.org\/{rel}","templated":true}]}}