{"id":3729,"date":"2025-07-16T09:11:01","date_gmt":"2025-07-16T07:11:01","guid":{"rendered":"https:\/\/auctor.ch\/?page_id=3729"},"modified":"2026-01-26T13:34:42","modified_gmt":"2026-01-26T12:34:42","slug":"blog","status":"publish","type":"page","link":"https:\/\/auctor.ch\/de\/blog\/","title":{"rendered":"Blog"},"content":{"rendered":"\t\t<div data-elementor-type=\"wp-page\" data-elementor-id=\"3729\" class=\"elementor elementor-3729\" data-elementor-post-type=\"page\">\n\t\t\t\t<div data-particle_enable=\"false\" data-particle-mobile-disabled=\"false\" class=\"elementor-element elementor-element-3e5c029 e-flex e-con-boxed e-con e-parent\" data-id=\"3e5c029\" data-element_type=\"container\" id=\"home\" data-settings=\"{&quot;background_background&quot;:&quot;classic&quot;}\">\n\t\t\t\t\t<div class=\"e-con-inner\">\n\t\t\t\t<div class=\"elementor-element elementor-element-faade83 elementor-widget__width-initial animated-slow elementor-invisible elementor-widget elementor-widget-heading\" data-id=\"faade83\" data-element_type=\"widget\" data-settings=\"{&quot;_animation&quot;:&quot;fadeInDown&quot;}\" data-widget_type=\"heading.default\">\n\t\t\t\t\t\t<div class=\"elementor-widget-container\">\n\t\t\t\t\t<h1 class=\"elementor-heading-title elementor-size-default\">Blog<\/h1>\t\t\t\t<\/div>\n\t\t\t\t<\/div>\n\t\t\t\t\t<\/div>\n\t\t\t\t<\/div>\n\t\t<div data-particle_enable=\"false\" data-particle-mobile-disabled=\"false\" class=\"elementor-element elementor-element-bf179a8 animated-slow e-flex e-con-boxed elementor-invisible e-con e-parent\" data-id=\"bf179a8\" data-element_type=\"container\" data-settings=\"{&quot;animation&quot;:&quot;fadeIn&quot;}\">\n\t\t\t\t\t<div class=\"e-con-inner\">\n\t\t\t\t<div class=\"elementor-element elementor-element-5874020 elementor-grid-3 elementor-grid-tablet-2 elementor-grid-mobile-1 elementor-posts--thumbnail-top elementor-widget elementor-widget-posts\" data-id=\"5874020\" data-element_type=\"widget\" data-settings=\"{&quot;classic_row_gap&quot;:{&quot;unit&quot;:&quot;px&quot;,&quot;size&quot;:60,&quot;sizes&quot;:[]},&quot;classic_columns&quot;:&quot;3&quot;,&quot;classic_columns_tablet&quot;:&quot;2&quot;,&quot;classic_columns_mobile&quot;:&quot;1&quot;,&quot;classic_row_gap_tablet&quot;:{&quot;unit&quot;:&quot;px&quot;,&quot;size&quot;:&quot;&quot;,&quot;sizes&quot;:[]},&quot;classic_row_gap_mobile&quot;:{&quot;unit&quot;:&quot;px&quot;,&quot;size&quot;:&quot;&quot;,&quot;sizes&quot;:[]}}\" data-widget_type=\"posts.classic\">\n\t\t\t\t\t\t<div class=\"elementor-widget-container\">\n\t\t\t\t\t\t\t<div class=\"elementor-posts-container elementor-posts elementor-posts--skin-classic elementor-grid\" role=\"list\">\n\t\t\t\t<article class=\"elementor-post elementor-grid-item post-3837 post type-post status-publish format-standard hentry category-allgemein\" role=\"listitem\">\n\t\t\t\t<div class=\"elementor-post__text\">\n\t\t\t\t<h2 class=\"elementor-post__title\">\n\t\t\t<a href=\"https:\/\/auctor.ch\/de\/sozialversicherungen-und-lohnbuchhaltung-fuer-kmu-in-der-schweiz\/\" >\n\t\t\t\tSozialversicherungen und Lohnbuchhaltung f\u00fcr KMU in der Schweiz\t\t\t<\/a>\n\t\t<\/h2>\n\t\t\t\t<div class=\"elementor-post__excerpt\">\n\t\t\t<p>Sozialversicherungen und Lohnbuchhaltung f\u00fcr KMU in der Schweiz Grundlagen der Sozialversicherungspflichten Die Lohnbuchhaltung in der Schweiz unterliegt einem komplexen Regelwerk von Sozialversicherungspflichten. Unternehmen m\u00fcssen verschiedene obligatorische Versicherungen abschliessen und verwalten, deren Beitr\u00e4ge zwischen Arbeitgeber und Arbeitnehmer aufgeteilt werden. Die zentralen Sozialversicherungen umfassen die AHV\/IV\/EO (Alters- und Hinterlassenenversicherung, Invalidenversicherung, Erwerbsersatzordnung), die<\/p>\n\t\t<\/div>\n\t\t\n\t\t<a class=\"elementor-post__read-more\" href=\"https:\/\/auctor.ch\/de\/sozialversicherungen-und-lohnbuchhaltung-fuer-kmu-in-der-schweiz\/\" aria-label=\"Read more about Sozialversicherungen und Lohnbuchhaltung f\u00fcr KMU in der Schweiz\" tabindex=\"-1\" >\n\t\t\tWeiterlesen \u00bb\t\t<\/a>\n\n\t\t\t\t<\/div>\n\t\t\t\t<\/article>\n\t\t\t\t<article class=\"elementor-post elementor-grid-item post-3832 post type-post status-publish format-standard hentry category-allgemein\" role=\"listitem\">\n\t\t\t\t<div class=\"elementor-post__text\">\n\t\t\t\t<h2 class=\"elementor-post__title\">\n\t\t\t<a href=\"https:\/\/auctor.ch\/de\/steuern-im-kanton-schwyz-praktischer-leitfaden-fuer-privatpersonen\/\" >\n\t\t\t\tBesteuerung nat\u00fcrlicher Personen im Kanton Schwyz\t\t\t<\/a>\n\t\t<\/h2>\n\t\t\t\t<div class=\"elementor-post__excerpt\">\n\t\t\t<p>Besteuerung nat\u00fcrlicher Personen im Kanton Schwyz Geltungsbereich: Nat\u00fcrliche Personen mit steuerrechtlichem Wohnsitz oder Aufenthalt im Kanton Schwyz Rechtsgrundlagen: Steuergesetz des Kantons Schwyz (StG SZ), Bundesgesetz \u00fcber die direkte Bundessteuer (DBG) Steuerpflicht im Kanton Schwyz Die Steuerpflicht im Kanton Schwyz richtet sich nach den Grunds\u00e4tzen des schweizerischen Steuerrechts. Der Kanton erhebt<\/p>\n\t\t<\/div>\n\t\t\n\t\t<a class=\"elementor-post__read-more\" href=\"https:\/\/auctor.ch\/de\/steuern-im-kanton-schwyz-praktischer-leitfaden-fuer-privatpersonen\/\" aria-label=\"Read more about Besteuerung nat\u00fcrlicher Personen im Kanton Schwyz\" tabindex=\"-1\" >\n\t\t\tWeiterlesen \u00bb\t\t<\/a>\n\n\t\t\t\t<\/div>\n\t\t\t\t<\/article>\n\t\t\t\t<article class=\"elementor-post elementor-grid-item post-3823 post type-post status-publish format-standard hentry category-allgemein\" role=\"listitem\">\n\t\t\t\t<div class=\"elementor-post__text\">\n\t\t\t\t<h2 class=\"elementor-post__title\">\n\t\t\t<a href=\"https:\/\/auctor.ch\/de\/unternehmenssteuern-im-kanton-schwyz-2026-regeln-beispiele-steuerplanung\/\" >\n\t\t\t\tUnternehmensbesteuerung im Kanton Schwyz 2026\t\t\t<\/a>\n\t\t<\/h2>\n\t\t\t\t<div class=\"elementor-post__excerpt\">\n\t\t\t<p>Unternehmensbesteuerung im Kanton Schwyz 2026 Steuerliche Eckdaten Gewinnsteuersatz: 1.95% (einfache Steuer) Kapitalsteuer: 0.003% des Eigenkapitals (Minimum CHF 100) Effektive Gesamtbelastung: ab 11.75% inklusive Bundessteuer STAF-Instrumente: Patentbox 90%, F&#038;E-Zusatzabzug 50%, Entlastungsbegrenzung 70% Systematik der Unternehmensbesteuerung Die Besteuerung juristischer Personen im Kanton Schwyz folgt dem dreistufigen System der Schweiz mit Bundes-, Kantons-<\/p>\n\t\t<\/div>\n\t\t\n\t\t<a class=\"elementor-post__read-more\" href=\"https:\/\/auctor.ch\/de\/unternehmenssteuern-im-kanton-schwyz-2026-regeln-beispiele-steuerplanung\/\" aria-label=\"Read more about Unternehmensbesteuerung im Kanton Schwyz 2026\" tabindex=\"-1\" >\n\t\t\tWeiterlesen \u00bb\t\t<\/a>\n\n\t\t\t\t<\/div>\n\t\t\t\t<\/article>\n\t\t\t\t<article class=\"elementor-post elementor-grid-item post-3598 post type-post status-publish format-standard hentry category-allgemein\" role=\"listitem\">\n\t\t\t\t<div class=\"elementor-post__text\">\n\t\t\t\t<h2 class=\"elementor-post__title\">\n\t\t\t<a href=\"https:\/\/auctor.ch\/de\/mehrwertsteuer-schweiz-so-funktioniert-die-mehrwertsteuer-2025\/\" >\n\t\t\t\tMehrwertsteuer Schweiz: So funktioniert die Mehrwertsteuer (2026)\t\t\t<\/a>\n\t\t<\/h2>\n\t\t\t\t<div class=\"elementor-post__excerpt\">\n\t\t\t<p>Mehrwertsteuer Schweiz: So funktioniert die Mehrwertsteuer (2026) Die aktuellen Mehrwertsteuers\u00e4tze in der Schweiz betragen 8,1% (Normalsatz), 3,8% (Sondersatz f\u00fcr Beherbergung) und 2,6% (reduzierter Satz f\u00fcr G\u00fcter des t\u00e4glichen Bedarfs). Gem\u00e4ss Mehrwertsteuergesetz (MWSTG) sind Unternehmen ab 100&#8217;000 CHF Jahresumsatz steuerpflichtig und m\u00fcssen die Abrechnung innert 60 Tagen nach Quartalsende einreichen. In<\/p>\n\t\t<\/div>\n\t\t\n\t\t<a class=\"elementor-post__read-more\" href=\"https:\/\/auctor.ch\/de\/mehrwertsteuer-schweiz-so-funktioniert-die-mehrwertsteuer-2025\/\" aria-label=\"Read more about Mehrwertsteuer Schweiz: So funktioniert die Mehrwertsteuer (2026)\" tabindex=\"-1\" >\n\t\t\tWeiterlesen \u00bb\t\t<\/a>\n\n\t\t\t\t<\/div>\n\t\t\t\t<\/article>\n\t\t\t\t<\/div>\n\t\t\n\t\t\t\t\t\t<\/div>\n\t\t\t\t<\/div>\n\t\t\t\t\t<\/div>\n\t\t\t\t<\/div>\n\t\t\t\t<\/div>\n\t\t","protected":false},"excerpt":{"rendered":"<p>Blog<\/p>\n","protected":false},"author":1,"featured_media":0,"parent":0,"menu_order":0,"comment_status":"closed","ping_status":"closed","template":"","meta":{"site-sidebar-layout":"no-sidebar","site-content-layout":"page-builder","ast-site-content-layout":"full-width-container","site-content-style":"unboxed","site-sidebar-style":"unboxed","ast-global-header-display":"","ast-banner-title-visibility":"","ast-main-header-display":"","ast-hfb-above-header-display":"","ast-hfb-below-header-display":"","ast-hfb-mobile-header-display":"","site-post-title":"disabled","ast-breadcrumbs-content":"disabled","ast-featured-img":"disabled","footer-sml-layout":"","theme-transparent-header-meta":"default","adv-header-id-meta":"","stick-header-meta":"","header-above-stick-meta":"","header-main-stick-meta":"","header-below-stick-meta":"","astra-migrate-meta-layouts":"set","ast-page-background-enabled":"default","ast-page-background-meta":{"desktop":{"background-color":"","background-image":"","background-repeat":"repeat","background-position":"center center","background-size":"auto","background-attachment":"scroll","background-type":"","background-media":"","overlay-type":"","overlay-color":"","overlay-opacity":"","overlay-gradient":""},"tablet":{"background-color":"","background-image":"","background-repeat":"repeat","background-position":"center center","background-size":"auto","background-attachment":"scroll","background-type":"","background-media":"","overlay-type":"","overlay-color":"","overlay-opacity":"","overlay-gradient":""},"mobile":{"background-color":"","background-image":"","background-repeat":"repeat","background-position":"center center","background-size":"auto","background-attachment":"scroll","background-type":"","background-media":"","overlay-type":"","overlay-color":"","overlay-opacity":"","overlay-gradient":""}},"ast-content-background-meta":{"desktop":{"background-color":"var(--ast-global-color-5)","background-image":"","background-repeat":"repeat","background-position":"center center","background-size":"auto","background-attachment":"scroll","background-type":"","background-media":"","overlay-type":"","overlay-color":"","overlay-opacity":"","overlay-gradient":""},"tablet":{"background-color":"var(--ast-global-color-5)","background-image":"","background-repeat":"repeat","background-position":"center center","background-size":"auto","background-attachment":"scroll","background-type":"","background-media":"","overlay-type":"","overlay-color":"","overlay-opacity":"","overlay-gradient":""},"mobile":{"background-color":"var(--ast-global-color-5)","background-image":"","background-repeat":"repeat","background-position":"center center","background-size":"auto","background-attachment":"scroll","background-type":"","background-media":"","overlay-type":"","overlay-color":"","overlay-opacity":"","overlay-gradient":""}},"footnotes":""},"class_list":["post-3729","page","type-page","status-publish","hentry"],"yoast_head":"<!-- This site is optimized with the Yoast SEO plugin v25.4 - https:\/\/yoast.com\/wordpress\/plugins\/seo\/ -->\n<title>Blog<\/title>\n<meta name=\"description\" content=\"Die Wirtschafts-Treuhand AUCTOR SCHWYZ AG ist eine Gesellschaft f\u00fcr Wirtschaftspr\u00fcfung und Steuerberatung in Wollerau und Schwyz. Seit \u00fcber 40 Jahren Im Bereich Wirtschaft-Treuhand t\u00e4tig.\" \/>\n<meta name=\"robots\" content=\"noindex, nofollow\" \/>\n<meta property=\"og:locale\" content=\"de_DE\" \/>\n<meta property=\"og:type\" content=\"article\" \/>\n<meta property=\"og:title\" content=\"Steuerberatung, Firmengr\u00fcndung, Buchf\u00fchrung in Wollerau und Schwyz\" \/>\n<meta property=\"og:description\" content=\"Die Wirtschafts-Treuhand AUCTOR SCHWYZ AG ist eine Gesellschaft f\u00fcr Wirtschaftspr\u00fcfung und Steuerberatung in Wollerau und Schwyz. Seit \u00fcber 40 Jahren Im Bereich Wirtschaft-Treuhand t\u00e4tig.\" \/>\n<meta property=\"og:url\" content=\"https:\/\/auctor.ch\/de\/blog\/\" \/>\n<meta property=\"og:site_name\" content=\"Auctor Schwyz AG\" \/>\n<meta property=\"article:modified_time\" content=\"2026-01-26T12:34:42+00:00\" \/>\n<meta name=\"twitter:card\" content=\"summary_large_image\" \/>\n<meta name=\"twitter:label1\" content=\"Gesch\u00e4tzte Lesezeit\" \/>\n\t<meta name=\"twitter:data1\" content=\"3\u00a0Minuten\" \/>\n<script type=\"application\/ld+json\" class=\"yoast-schema-graph\">{\"@context\":\"https:\/\/schema.org\",\"@graph\":[{\"@type\":\"WebPage\",\"@id\":\"https:\/\/auctor.ch\/de\/blog\/\",\"url\":\"https:\/\/auctor.ch\/de\/blog\/\",\"name\":\"Blog\",\"isPartOf\":{\"@id\":\"https:\/\/auctor.ch\/#website\"},\"datePublished\":\"2025-07-16T07:11:01+00:00\",\"dateModified\":\"2026-01-26T12:34:42+00:00\",\"description\":\"Die Wirtschafts-Treuhand AUCTOR SCHWYZ AG ist eine Gesellschaft f\u00fcr Wirtschaftspr\u00fcfung und Steuerberatung in Wollerau und Schwyz. Seit \u00fcber 40 Jahren Im Bereich Wirtschaft-Treuhand t\u00e4tig.\",\"breadcrumb\":{\"@id\":\"https:\/\/auctor.ch\/de\/blog\/#breadcrumb\"},\"inLanguage\":\"de-CH\",\"potentialAction\":[{\"@type\":\"ReadAction\",\"target\":[\"https:\/\/auctor.ch\/de\/blog\/\"]}]},{\"@type\":\"BreadcrumbList\",\"@id\":\"https:\/\/auctor.ch\/de\/blog\/#breadcrumb\",\"itemListElement\":[{\"@type\":\"ListItem\",\"position\":1,\"name\":\"Startseite\",\"item\":\"https:\/\/auctor.ch\/\"},{\"@type\":\"ListItem\",\"position\":2,\"name\":\"Blog\"}]},{\"@type\":\"WebSite\",\"@id\":\"https:\/\/auctor.ch\/#website\",\"url\":\"https:\/\/auctor.ch\/\",\"name\":\"Auctor Schwyz AG\",\"description\":\"Steuerberatung, Firmengr\u00fcndung, Buchf\u00fchrung in Wollerau und Schwyz\",\"publisher\":{\"@id\":\"https:\/\/auctor.ch\/#organization\"},\"potentialAction\":[{\"@type\":\"SearchAction\",\"target\":{\"@type\":\"EntryPoint\",\"urlTemplate\":\"https:\/\/auctor.ch\/?s={search_term_string}\"},\"query-input\":{\"@type\":\"PropertyValueSpecification\",\"valueRequired\":true,\"valueName\":\"search_term_string\"}}],\"inLanguage\":\"de-CH\"},{\"@type\":\"Organization\",\"@id\":\"https:\/\/auctor.ch\/#organization\",\"name\":\"Auctor Schwyz AG\",\"url\":\"https:\/\/auctor.ch\/\",\"logo\":{\"@type\":\"ImageObject\",\"inLanguage\":\"de-CH\",\"@id\":\"https:\/\/auctor.ch\/#\/schema\/logo\/image\/\",\"url\":\"https:\/\/auctor.ch\/wp-content\/uploads\/2024\/08\/Logo.png\",\"contentUrl\":\"https:\/\/auctor.ch\/wp-content\/uploads\/2024\/08\/Logo.png\",\"width\":198,\"height\":207,\"caption\":\"Auctor Schwyz AG\"},\"image\":{\"@id\":\"https:\/\/auctor.ch\/#\/schema\/logo\/image\/\"}}]}<\/script>\n<!-- \/ Yoast SEO plugin. -->","yoast_head_json":{"title":"Blog","description":"Die Wirtschafts-Treuhand AUCTOR SCHWYZ AG ist eine Gesellschaft f\u00fcr Wirtschaftspr\u00fcfung und Steuerberatung in Wollerau und Schwyz. Seit \u00fcber 40 Jahren Im Bereich Wirtschaft-Treuhand t\u00e4tig.","robots":{"index":"noindex","follow":"nofollow"},"og_locale":"de_DE","og_type":"article","og_title":"Steuerberatung, Firmengr\u00fcndung, Buchf\u00fchrung in Wollerau und Schwyz","og_description":"Die Wirtschafts-Treuhand AUCTOR SCHWYZ AG ist eine Gesellschaft f\u00fcr Wirtschaftspr\u00fcfung und Steuerberatung in Wollerau und Schwyz. Seit \u00fcber 40 Jahren Im Bereich Wirtschaft-Treuhand t\u00e4tig.","og_url":"https:\/\/auctor.ch\/de\/blog\/","og_site_name":"Auctor Schwyz AG","article_modified_time":"2026-01-26T12:34:42+00:00","twitter_card":"summary_large_image","twitter_misc":{"Gesch\u00e4tzte Lesezeit":"3\u00a0Minuten"},"schema":{"@context":"https:\/\/schema.org","@graph":[{"@type":"WebPage","@id":"https:\/\/auctor.ch\/de\/blog\/","url":"https:\/\/auctor.ch\/de\/blog\/","name":"Blog","isPartOf":{"@id":"https:\/\/auctor.ch\/#website"},"datePublished":"2025-07-16T07:11:01+00:00","dateModified":"2026-01-26T12:34:42+00:00","description":"Die Wirtschafts-Treuhand AUCTOR SCHWYZ AG ist eine Gesellschaft f\u00fcr Wirtschaftspr\u00fcfung und Steuerberatung in Wollerau und Schwyz. Seit \u00fcber 40 Jahren Im Bereich Wirtschaft-Treuhand t\u00e4tig.","breadcrumb":{"@id":"https:\/\/auctor.ch\/de\/blog\/#breadcrumb"},"inLanguage":"de-CH","potentialAction":[{"@type":"ReadAction","target":["https:\/\/auctor.ch\/de\/blog\/"]}]},{"@type":"BreadcrumbList","@id":"https:\/\/auctor.ch\/de\/blog\/#breadcrumb","itemListElement":[{"@type":"ListItem","position":1,"name":"Startseite","item":"https:\/\/auctor.ch\/"},{"@type":"ListItem","position":2,"name":"Blog"}]},{"@type":"WebSite","@id":"https:\/\/auctor.ch\/#website","url":"https:\/\/auctor.ch\/","name":"Auctor Schwyz AG","description":"Steuerberatung, Firmengr\u00fcndung, Buchf\u00fchrung in Wollerau und Schwyz","publisher":{"@id":"https:\/\/auctor.ch\/#organization"},"potentialAction":[{"@type":"SearchAction","target":{"@type":"EntryPoint","urlTemplate":"https:\/\/auctor.ch\/?s={search_term_string}"},"query-input":{"@type":"PropertyValueSpecification","valueRequired":true,"valueName":"search_term_string"}}],"inLanguage":"de-CH"},{"@type":"Organization","@id":"https:\/\/auctor.ch\/#organization","name":"Auctor Schwyz AG","url":"https:\/\/auctor.ch\/","logo":{"@type":"ImageObject","inLanguage":"de-CH","@id":"https:\/\/auctor.ch\/#\/schema\/logo\/image\/","url":"https:\/\/auctor.ch\/wp-content\/uploads\/2024\/08\/Logo.png","contentUrl":"https:\/\/auctor.ch\/wp-content\/uploads\/2024\/08\/Logo.png","width":198,"height":207,"caption":"Auctor Schwyz AG"},"image":{"@id":"https:\/\/auctor.ch\/#\/schema\/logo\/image\/"}}]}},"_links":{"self":[{"href":"https:\/\/auctor.ch\/de\/wp-json\/wp\/v2\/pages\/3729","targetHints":{"allow":["GET"]}}],"collection":[{"href":"https:\/\/auctor.ch\/de\/wp-json\/wp\/v2\/pages"}],"about":[{"href":"https:\/\/auctor.ch\/de\/wp-json\/wp\/v2\/types\/page"}],"author":[{"embeddable":true,"href":"https:\/\/auctor.ch\/de\/wp-json\/wp\/v2\/users\/1"}],"replies":[{"embeddable":true,"href":"https:\/\/auctor.ch\/de\/wp-json\/wp\/v2\/comments?post=3729"}],"version-history":[{"count":19,"href":"https:\/\/auctor.ch\/de\/wp-json\/wp\/v2\/pages\/3729\/revisions"}],"predecessor-version":[{"id":3933,"href":"https:\/\/auctor.ch\/de\/wp-json\/wp\/v2\/pages\/3729\/revisions\/3933"}],"wp:attachment":[{"href":"https:\/\/auctor.ch\/de\/wp-json\/wp\/v2\/media?parent=3729"}],"curies":[{"name":"wp","href":"https:\/\/api.w.org\/{rel}","templated":true}]}}